{"id":9765,"date":"2023-08-21T12:11:33","date_gmt":"2023-08-21T15:11:33","guid":{"rendered":"https:\/\/portal.macae.ufrj.br\/?page_id=9765"},"modified":"2023-08-21T12:52:57","modified_gmt":"2023-08-21T15:52:57","slug":"sei","status":"publish","type":"page","link":"https:\/\/portal.macae.ufrj.br\/pt_br\/sei\/","title":{"rendered":"Administra\u00e7\u00e3o Local do SEI"},"content":{"rendered":"\t\t<div data-elementor-type=\"wp-page\" data-elementor-id=\"9765\" class=\"elementor elementor-9765\" data-elementor-post-type=\"page\">\n\t\t\t\t<div class=\"elementor-element elementor-element-80ca63b e-con-full e-flex e-con e-parent\" data-id=\"80ca63b\" data-element_type=\"container\" data-e-type=\"container\" data-settings=\"{&quot;background_background&quot;:&quot;gradient&quot;}\">\n\t\t<div class=\"elementor-element elementor-element-4ba725f e-flex e-con-boxed e-con e-parent\" data-id=\"4ba725f\" data-element_type=\"container\" data-e-type=\"container\" data-settings=\"{&quot;background_background&quot;:&quot;classic&quot;}\">\n\t\t\t\t\t<div class=\"e-con-inner\">\n\t\t<div class=\"elementor-element elementor-element-35972a2 e-flex e-con-boxed e-con e-parent\" data-id=\"35972a2\" data-element_type=\"container\" data-e-type=\"container\" data-settings=\"{&quot;background_background&quot;:&quot;classic&quot;}\">\n\t\t\t\t\t<div class=\"e-con-inner\">\n\t\t<div class=\"elementor-element elementor-element-c47165e e-flex e-con-boxed e-con e-parent\" data-id=\"c47165e\" data-element_type=\"container\" data-e-type=\"container\" data-settings=\"{&quot;background_background&quot;:&quot;classic&quot;}\">\n\t\t\t\t\t<div class=\"e-con-inner\">\n\t\t\t\t<div class=\"elementor-element elementor-element-f0b98b6 elementor-widget__width-initial elementor-widget elementor-widget-image\" data-id=\"f0b98b6\" data-element_type=\"widget\" data-e-type=\"widget\" data-widget_type=\"image.default\">\n\t\t\t\t<div class=\"elementor-widget-container\">\n\t\t\t\t\t\t\t\t\t\t\t\t\t\t\t<img fetchpriority=\"high\" decoding=\"async\" width=\"430\" height=\"248\" src=\"https:\/\/portal.macae.ufrj.br\/wp-content\/uploads\/2023\/02\/ufrj-horizontal-cor-rgb-telas.png\" class=\"attachment-large size-large wp-image-6568\" alt=\"\" srcset=\"https:\/\/portal.macae.ufrj.br\/wp-content\/uploads\/2023\/02\/ufrj-horizontal-cor-rgb-telas.png 430w, https:\/\/portal.macae.ufrj.br\/wp-content\/uploads\/2023\/02\/ufrj-horizontal-cor-rgb-telas-18x10.png 18w\" sizes=\"(max-width: 430px) 100vw, 430px\" \/>\t\t\t\t\t\t\t\t\t\t\t\t\t\t\t<\/div>\n\t\t\t\t<\/div>\n\t\t\t\t\t<\/div>\n\t\t\t\t<\/div>\n\t\t\t\t<div class=\"elementor-element elementor-element-bb515b2 elementor-widget-divider--view-line elementor-widget elementor-widget-divider\" data-id=\"bb515b2\" data-element_type=\"widget\" data-e-type=\"widget\" data-widget_type=\"divider.default\">\n\t\t\t\t<div class=\"elementor-widget-container\">\n\t\t\t\t\t\t\t<div class=\"elementor-divider\">\n\t\t\t<span class=\"elementor-divider-separator\">\n\t\t\t\t\t\t<\/span>\n\t\t<\/div>\n\t\t\t\t\t\t<\/div>\n\t\t\t\t<\/div>\n\t\t<div class=\"elementor-element elementor-element-1667970 e-flex e-con-boxed e-con e-parent\" data-id=\"1667970\" data-element_type=\"container\" data-e-type=\"container\" data-settings=\"{&quot;background_background&quot;:&quot;classic&quot;}\">\n\t\t\t\t\t<div class=\"e-con-inner\">\n\t\t\t\t<div class=\"elementor-element elementor-element-b01e74e elementor-widget elementor-widget-heading\" data-id=\"b01e74e\" data-element_type=\"widget\" data-e-type=\"widget\" data-widget_type=\"heading.default\">\n\t\t\t\t<div class=\"elementor-widget-container\">\n\t\t\t\t\t<h2 class=\"elementor-heading-title elementor-size-default\">SISTEMA ELETR\u00d4NICO DE INFORMA\u00c7\u00d5ES<\/h2>\t\t\t\t<\/div>\n\t\t\t\t<\/div>\n\t\t\t\t<div class=\"elementor-element elementor-element-cb43280 elementor-widget elementor-widget-text-editor\" data-id=\"cb43280\" data-element_type=\"widget\" data-e-type=\"widget\" data-widget_type=\"text-editor.default\">\n\t\t\t\t<div class=\"elementor-widget-container\">\n\t\t\t\t\t\t\t\t\t<p>A Administra\u00e7\u00e3o SEI do Centro Multidisciplinar UFRJ-Maca\u00e9 informa que os atendimentos relativos ao SEI agora ser\u00e3o feitos exclusivamente por e-mail, atrav\u00e9s do <strong>admsei@macae.ufrj.br<\/strong><\/p>\t\t\t\t\t\t\t\t<\/div>\n\t\t\t\t<\/div>\n\t\t\t\t\t<\/div>\n\t\t\t\t<\/div>\n\t\t\t\t<div class=\"elementor-element elementor-element-cea014c elementor-widget elementor-widget-button\" data-id=\"cea014c\" data-element_type=\"widget\" data-e-type=\"widget\" data-widget_type=\"button.default\">\n\t\t\t\t<div class=\"elementor-widget-container\">\n\t\t\t\t\t\t\t\t\t<div class=\"elementor-button-wrapper\">\n\t\t\t\t\t<a class=\"elementor-button elementor-button-link elementor-size-sm\" href=\"https:\/\/portal.macae.ufrj.br\/\">\n\t\t\t\t\t\t<span class=\"elementor-button-content-wrapper\">\n\t\t\t\t\t\t<span class=\"elementor-button-icon\">\n\t\t\t\t<i aria-hidden=\"true\" class=\"fas fa-undo\"><\/i>\t\t\t<\/span>\n\t\t\t\t\t\t\t\t\t<span class=\"elementor-button-text\">Voltar para o Portal do  CM UFRJ-Maca\u00e9<\/span>\n\t\t\t\t\t<\/span>\n\t\t\t\t\t<\/a>\n\t\t\t\t<\/div>\n\t\t\t\t\t\t\t\t<\/div>\n\t\t\t\t<\/div>\n\t\t\t\t\t<\/div>\n\t\t\t\t<\/div>\n\t\t\t\t<div class=\"elementor-element elementor-element-5d9255c elementor-widget elementor-widget-text-editor\" data-id=\"5d9255c\" data-element_type=\"widget\" data-e-type=\"widget\" data-widget_type=\"text-editor.default\">\n\t\t\t\t<div class=\"elementor-widget-container\">\n\t\t\t\t\t\t\t\t\t<p style=\"margin-top: 10px; margin-bottom: 0px; color: #333333; font-family: 'Helvetica Neue', sans-serif; font-size: 11px; font-style: normal; font-weight: 400; text-align: center; background-color: #c8c8c8;\">Copyright \u00a9 2023 Universidade Federal do Rio de Janeiro &#8211; All rights reserved.<\/p>\t\t\t\t\t\t\t\t<\/div>\n\t\t\t\t<\/div>\n\t\t\t\t\t<\/div>\n\t\t\t\t<\/div>\n\t\t\t\t<\/div>\n\t\t\t\t<\/div>\n\t\t","protected":false},"excerpt":{"rendered":"<p>SISTEMA ELETR\u00d4NICO DE INFORMA\u00c7\u00d5ES A Administra\u00e7\u00e3o SEI do Centro Multidisciplinar UFRJ-Maca\u00e9 informa que os atendimentos relativos ao SEI agora ser\u00e3o feitos exclusivamente por e-mail, atrav\u00e9s do admsei@macae.ufrj.br Voltar para o Portal do CM UFRJ-Maca\u00e9 Copyright \u00a9 2023 Universidade Federal do Rio de Janeiro &#8211; All rights reserved.<\/p>\n","protected":false},"author":9,"featured_media":0,"parent":0,"menu_order":0,"comment_status":"closed","ping_status":"closed","template":"elementor_canvas","meta":{"_uag_custom_page_level_css":"","site-sidebar-layout":"no-sidebar","site-content-layout":"page-builder","ast-site-content-layout":"default","site-content-style":"default","site-sidebar-style":"default","ast-global-header-display":"","ast-banner-title-visibility":"","ast-main-header-display":"","ast-hfb-above-header-display":"","ast-hfb-below-header-display":"","ast-hfb-mobile-header-display":"","site-post-title":"disabled","ast-breadcrumbs-content":"","ast-featured-img":"disabled","footer-sml-layout":"","ast-disable-related-posts":"","theme-transparent-header-meta":"","adv-header-id-meta":"","stick-header-meta":"","header-above-stick-meta":"","header-main-stick-meta":"","header-below-stick-meta":"","astra-migrate-meta-layouts":"set","ast-page-background-enabled":"default","ast-page-background-meta":{"desktop":{"background-color":"var(--ast-global-color-4)","background-image":"","background-repeat":"repeat","background-position":"center center","background-size":"auto","background-attachment":"scroll","background-type":"","background-media":"","overlay-type":"","overlay-color":"","overlay-opacity":"","overlay-gradient":""},"tablet":{"background-color":"","background-image":"","background-repeat":"repeat","background-position":"center center","background-size":"auto","background-attachment":"scroll","background-type":"","background-media":"","overlay-type":"","overlay-color":"","overlay-opacity":"","overlay-gradient":""},"mobile":{"background-color":"","background-image":"","background-repeat":"repeat","background-position":"center center","background-size":"auto","background-attachment":"scroll","background-type":"","background-media":"","overlay-type":"","overlay-color":"","overlay-opacity":"","overlay-gradient":""}},"ast-content-background-meta":{"desktop":{"background-color":"var(--ast-global-color-5)","background-image":"","background-repeat":"repeat","background-position":"center center","background-size":"auto","background-attachment":"scroll","background-type":"","background-media":"","overlay-type":"","overlay-color":"","overlay-opacity":"","overlay-gradient":""},"tablet":{"background-color":"var(--ast-global-color-5)","background-image":"","background-repeat":"repeat","background-position":"center center","background-size":"auto","background-attachment":"scroll","background-type":"","background-media":"","overlay-type":"","overlay-color":"","overlay-opacity":"","overlay-gradient":""},"mobile":{"background-color":"var(--ast-global-color-5)","background-image":"","background-repeat":"repeat","background-position":"center center","background-size":"auto","background-attachment":"scroll","background-type":"","background-media":"","overlay-type":"","overlay-color":"","overlay-opacity":"","overlay-gradient":""}},"footnotes":"","_links_to":"","_links_to_target":""},"class_list":["post-9765","page","type-page","status-publish","hentry"],"uagb_featured_image_src":{"full":false,"thumbnail":false,"medium":false,"medium_large":false,"large":false,"1536x1536":false,"2048x2048":false,"trp-custom-language-flag":false},"uagb_author_info":{"display_name":"Vitor Ferreira Valente","author_link":"https:\/\/portal.macae.ufrj.br\/pt_br\/author\/vitorvalente\/"},"uagb_comment_info":0,"uagb_excerpt":"SISTEMA ELETR\u00d4NICO DE INFORMA\u00c7\u00d5ES A Administra\u00e7\u00e3o SEI do Centro Multidisciplinar UFRJ-Maca\u00e9 informa que os atendimentos relativos ao SEI agora ser\u00e3o feitos exclusivamente por e-mail, atrav\u00e9s do admsei@macae.ufrj.br Voltar para o Portal do CM UFRJ-Maca\u00e9 Copyright \u00a9 2023 Universidade Federal do Rio de Janeiro &#8211; All rights reserved.","_links":{"self":[{"href":"https:\/\/portal.macae.ufrj.br\/pt_br\/wp-json\/wp\/v2\/pages\/9765","targetHints":{"allow":["GET"]}}],"collection":[{"href":"https:\/\/portal.macae.ufrj.br\/pt_br\/wp-json\/wp\/v2\/pages"}],"about":[{"href":"https:\/\/portal.macae.ufrj.br\/pt_br\/wp-json\/wp\/v2\/types\/page"}],"author":[{"embeddable":true,"href":"https:\/\/portal.macae.ufrj.br\/pt_br\/wp-json\/wp\/v2\/users\/9"}],"replies":[{"embeddable":true,"href":"https:\/\/portal.macae.ufrj.br\/pt_br\/wp-json\/wp\/v2\/comments?post=9765"}],"version-history":[{"count":11,"href":"https:\/\/portal.macae.ufrj.br\/pt_br\/wp-json\/wp\/v2\/pages\/9765\/revisions"}],"predecessor-version":[{"id":9789,"href":"https:\/\/portal.macae.ufrj.br\/pt_br\/wp-json\/wp\/v2\/pages\/9765\/revisions\/9789"}],"wp:attachment":[{"href":"https:\/\/portal.macae.ufrj.br\/pt_br\/wp-json\/wp\/v2\/media?parent=9765"}],"curies":[{"name":"wp","href":"https:\/\/api.w.org\/{rel}","templated":true}]}}