{"id":689,"date":"2021-11-22T22:37:05","date_gmt":"2021-11-23T01:37:05","guid":{"rendered":"https:\/\/portal.macae.ufrj.br\/?page_id=689"},"modified":"2023-12-21T12:03:15","modified_gmt":"2023-12-21T15:03:15","slug":"decania","status":"publish","type":"page","link":"https:\/\/portal.macae.ufrj.br\/pt_br\/decania\/","title":{"rendered":"Decania"},"content":{"rendered":"\t\t<div data-elementor-type=\"wp-page\" data-elementor-id=\"689\" class=\"elementor elementor-689\" data-elementor-post-type=\"page\">\n\t\t\t\t<div class=\"elementor-element elementor-element-f01ce6c e-con-full e-flex e-con e-parent\" data-id=\"f01ce6c\" data-element_type=\"container\" data-e-type=\"container\">\n\t\t<div class=\"elementor-element elementor-element-cf4cf01 e-con-full e-flex e-con e-child\" data-id=\"cf4cf01\" data-element_type=\"container\" data-e-type=\"container\">\n\t\t\t\t<div class=\"elementor-element elementor-element-1fade74 elementor-widget elementor-widget-spacer\" data-id=\"1fade74\" data-element_type=\"widget\" data-e-type=\"widget\" data-widget_type=\"spacer.default\">\n\t\t\t\t<div class=\"elementor-widget-container\">\n\t\t\t\t\t\t\t<div class=\"elementor-spacer\">\n\t\t\t<div class=\"elementor-spacer-inner\"><\/div>\n\t\t<\/div>\n\t\t\t\t\t\t<\/div>\n\t\t\t\t<\/div>\n\t\t\t\t<div class=\"elementor-element elementor-element-9eb9a0d elementor-widget elementor-widget-heading\" data-id=\"9eb9a0d\" data-element_type=\"widget\" data-e-type=\"widget\" data-widget_type=\"heading.default\">\n\t\t\t\t<div class=\"elementor-widget-container\">\n\t\t\t\t\t<h3 class=\"elementor-heading-title elementor-size-default\">Gabinete do Decano<\/h3>\t\t\t\t<\/div>\n\t\t\t\t<\/div>\n\t\t\t\t<\/div>\n\t\t\t\t<\/div>\n\t\t<div class=\"elementor-element elementor-element-3699d0c e-con-full e-flex e-con e-parent\" data-id=\"3699d0c\" data-element_type=\"container\" data-e-type=\"container\">\n\t\t<div class=\"elementor-element elementor-element-af21f30 e-con-full e-flex e-con e-child\" data-id=\"af21f30\" data-element_type=\"container\" data-e-type=\"container\">\n\t\t<div class=\"elementor-element elementor-element-92daec1 e-con-full e-flex e-con e-child\" data-id=\"92daec1\" data-element_type=\"container\" data-e-type=\"container\">\n\t\t<div class=\"elementor-element elementor-element-f9993f8 e-con-full e-flex e-con e-child\" data-id=\"f9993f8\" data-element_type=\"container\" data-e-type=\"container\">\n\t\t\t\t<div class=\"elementor-element elementor-element-119f7cf elementor-widget elementor-widget-image\" data-id=\"119f7cf\" data-element_type=\"widget\" data-e-type=\"widget\" data-widget_type=\"image.default\">\n\t\t\t\t<div class=\"elementor-widget-container\">\n\t\t\t\t\t\t\t\t\t\t\t\t\t\t\t<img decoding=\"async\" src=\"https:\/\/portal.macae.ufrj.br\/wp-content\/uploads\/2022\/08\/foto-irnak-e-minerva-edit.jpeg\" title=\"\" alt=\"\" loading=\"lazy\" \/>\t\t\t\t\t\t\t\t\t\t\t\t\t\t\t<\/div>\n\t\t\t\t<\/div>\n\t\t\t\t<\/div>\n\t\t<div class=\"elementor-element elementor-element-85e0a2d e-con-full e-flex e-con e-child\" data-id=\"85e0a2d\" data-element_type=\"container\" data-e-type=\"container\">\n\t\t\t\t<div class=\"elementor-element elementor-element-1395030 elementor-widget elementor-widget-heading\" data-id=\"1395030\" data-element_type=\"widget\" data-e-type=\"widget\" data-widget_type=\"heading.default\">\n\t\t\t\t<div class=\"elementor-widget-container\">\n\t\t\t\t\t<h4 class=\"elementor-heading-title elementor-size-default\">Decano: Professor Irnak Marcelo Barbosa<\/h4>\t\t\t\t<\/div>\n\t\t\t\t<\/div>\n\t\t\t\t<div class=\"elementor-element elementor-element-dde5329 elementor-widget elementor-widget-text-editor\" data-id=\"dde5329\" data-element_type=\"widget\" data-e-type=\"widget\" data-widget_type=\"text-editor.default\">\n\t\t\t\t<div class=\"elementor-widget-container\">\n\t\t\t\t\t\t\t\t\t<p><span class=\"texto\">Atual Decano do CM UFRJ-Maca\u00e9, foi Diretor-Geral do Campus UFRJ-Maca\u00e9 (2021-2022), conduzindo a finaliza\u00e7\u00e3o do processo de organiza\u00e7\u00e3o administrativa e acad\u00eamica do Campus, que culminou na cria\u00e7\u00e3o do Centro Multidisciplinar UFRJ-Maca\u00e9, sendo indicado como Decano <em>pro tempore<\/em> por 6 meses prorrog\u00e1veis por igual per\u00edodo. Foi coordenador do curso de gradua\u00e7\u00e3o em Medicina da UFRJ-Maca\u00e9 (2014-2017). \u00c9 Professor Adjunto de Cirurgia Pedi\u00e1trica da Universidade Federal do Rio de Janeiro, CM UFRJ-Maca\u00e9; membro da Comiss\u00e3o de Legisla\u00e7\u00e3o e Normas do CONSUNI e do GT de Direitos Humanos e Enfrentamento a Viol\u00eancias. Possui gradua\u00e7\u00e3o em Medicina pela Universidade Federal do Rio de Janeiro (1990), resid\u00eancia m\u00e9dica em Cirurgia Pedi\u00e1trica pela Universidade Federal de Minas Gerais (1993), mestrado em Medicina (Cirurgia Pedi\u00e1trica) pela Universidade Federal do Rio de Janeiro (2000), doutorado em Ci\u00eancias pelo PRODBIO-UFRJ (2020). <a href=\"http:\/\/lattes.cnpq.br\/3842568122841011\" target=\"_blank\" rel=\"noopener\">&gt;&gt; Curr\u00edculo Lattes<\/a><\/span><\/p>\t\t\t\t\t\t\t\t<\/div>\n\t\t\t\t<\/div>\n\t\t\t\t<\/div>\n\t\t\t\t<\/div>\n\t\t<div class=\"elementor-element elementor-element-f91f5a6 e-con-full e-flex e-con e-child\" data-id=\"f91f5a6\" data-element_type=\"container\" data-e-type=\"container\">\n\t\t<div class=\"elementor-element elementor-element-cdd9ebd e-con-full e-flex e-con e-child\" data-id=\"cdd9ebd\" data-element_type=\"container\" data-e-type=\"container\">\n\t\t\t\t<div class=\"elementor-element elementor-element-2034302 elementor-widget elementor-widget-heading\" data-id=\"2034302\" data-element_type=\"widget\" data-e-type=\"widget\" data-widget_type=\"heading.default\">\n\t\t\t\t<div class=\"elementor-widget-container\">\n\t\t\t\t\t<h4 class=\"elementor-heading-title elementor-size-default\">Substituto Eventual: Carlos Eduardo Lopes da Silva<\/h4>\t\t\t\t<\/div>\n\t\t\t\t<\/div>\n\t\t\t\t<div class=\"elementor-element elementor-element-9432a0f elementor-widget elementor-widget-text-editor\" data-id=\"9432a0f\" data-element_type=\"widget\" data-e-type=\"widget\" data-widget_type=\"text-editor.default\">\n\t\t\t\t<div class=\"elementor-widget-container\">\n\t\t\t\t\t\t\t\t\t<p><span class=\"texto\">Doutor em Ci\u00eancias Ambientais e Conserva\u00e7\u00e3o pela Universidade Federal do Rio de Janeiro (UFRJ) &#8211; Instituto de Biodiversidade e Sustentabilidade (NUPEM\/UFRJ), mestre em Engenharia de Produ\u00e7\u00e3o pela Universidade Federal Fluminense (UFF), com \u00eanfase em Estrat\u00e9gia, gest\u00e3o e finan\u00e7as, e gradua\u00e7\u00e3o em Engenharia de Produ\u00e7\u00e3o, tamb\u00e9m pela UFF. Professor da Engenharia da Universidade Federal do Rio de Janeiro (UFRJ), CM UFRJ-Maca\u00e9, e coordenador do Centro de Refer\u00eancia em Inova\u00e7\u00e3o para Opera\u00e7\u00f5es Sustent\u00e1veis (CRIOS-UFRJ). Foi Secret\u00e1rio Adjunto de Ci\u00eancia e Tecnologia de Maca\u00e9, sendo respons\u00e1vel pela opera\u00e7\u00e3o do Programa Startup Maca\u00e9. Nos \u00faltimos anos atuou em diversos projetos nas \u00e1reas de inova\u00e7\u00e3o, empreendedorismo, estrat\u00e9gia e gest\u00e3o, com destaque para formula\u00e7\u00e3o do novo modelo conceitual do Pr\u00eamio Nacional de Inova\u00e7\u00e3o (Confedera\u00e7\u00e3o Nacional da Ind\u00fastria), coordena\u00e7\u00e3o da Incubadora de Empresas CRIOS-UFRJ e participa\u00e7\u00e3o em projetos para organiza\u00e7\u00f5es como Anvisa, Furnas, Sebrae, CNI, IEL, FINEP, ANTT e diversas micro e pequenas empresas. <a href=\"http:\/\/lattes.cnpq.br\/3661779648574360\" target=\"_blank\" rel=\"noopener\">&gt;&gt; Curr\u00edculo Lattes<\/a><\/span><\/p>\t\t\t\t\t\t\t\t<\/div>\n\t\t\t\t<\/div>\n\t\t\t\t<\/div>\n\t\t<div class=\"elementor-element elementor-element-5ab737d e-con-full e-flex e-con e-child\" data-id=\"5ab737d\" data-element_type=\"container\" data-e-type=\"container\">\n\t\t\t\t<div class=\"elementor-element elementor-element-b4deb8f elementor-widget elementor-widget-image\" data-id=\"b4deb8f\" data-element_type=\"widget\" data-e-type=\"widget\" data-widget_type=\"image.default\">\n\t\t\t\t<div class=\"elementor-widget-container\">\n\t\t\t\t\t\t\t\t\t\t\t\t\t\t\t<img fetchpriority=\"high\" decoding=\"async\" width=\"577\" height=\"582\" src=\"https:\/\/portal.macae.ufrj.br\/wp-content\/uploads\/2023\/12\/Perfil-Carlos-Eduardo-Lopes-da-Silva.jpg\" class=\"attachment-large size-large wp-image-11247\" alt=\"\" srcset=\"https:\/\/portal.macae.ufrj.br\/wp-content\/uploads\/2023\/12\/Perfil-Carlos-Eduardo-Lopes-da-Silva.jpg 577w, https:\/\/portal.macae.ufrj.br\/wp-content\/uploads\/2023\/12\/Perfil-Carlos-Eduardo-Lopes-da-Silva-12x12.jpg 12w\" sizes=\"(max-width: 577px) 100vw, 577px\" \/>\t\t\t\t\t\t\t\t\t\t\t\t\t\t\t<\/div>\n\t\t\t\t<\/div>\n\t\t\t\t<\/div>\n\t\t\t\t<\/div>\n\t\t<div class=\"elementor-element elementor-element-ad41968 e-con-full e-flex e-con e-child\" data-id=\"ad41968\" data-element_type=\"container\" data-e-type=\"container\">\n\t\t<div class=\"elementor-element elementor-element-e23d93f e-con-full e-flex e-con e-child\" data-id=\"e23d93f\" data-element_type=\"container\" data-e-type=\"container\">\n\t\t\t\t<div class=\"elementor-element elementor-element-112fb2b elementor-widget elementor-widget-heading\" data-id=\"112fb2b\" data-element_type=\"widget\" data-e-type=\"widget\" data-widget_type=\"heading.default\">\n\t\t\t\t<div class=\"elementor-widget-container\">\n\t\t\t\t\t<h5 class=\"elementor-heading-title elementor-size-default\">Chefe de Gabinete:<\/h5>\t\t\t\t<\/div>\n\t\t\t\t<\/div>\n\t\t\t\t<div class=\"elementor-element elementor-element-fe043e1 elementor-widget elementor-widget-text-editor\" data-id=\"fe043e1\" data-element_type=\"widget\" data-e-type=\"widget\" data-widget_type=\"text-editor.default\">\n\t\t\t\t<div class=\"elementor-widget-container\">\n\t\t\t\t\t\t\t\t\t<p><strong>Diego Gon\u00e7alves de Andrade<\/strong><\/p>\t\t\t\t\t\t\t\t<\/div>\n\t\t\t\t<\/div>\n\t\t\t\t<\/div>\n\t\t<div class=\"elementor-element elementor-element-dc940de e-con-full e-flex e-con e-child\" data-id=\"dc940de\" data-element_type=\"container\" data-e-type=\"container\">\n\t\t\t\t<div class=\"elementor-element elementor-element-b2eef27 elementor-widget elementor-widget-heading\" data-id=\"b2eef27\" data-element_type=\"widget\" data-e-type=\"widget\" data-widget_type=\"heading.default\">\n\t\t\t\t<div class=\"elementor-widget-container\">\n\t\t\t\t\t<h5 class=\"elementor-heading-title elementor-size-default\">Secret\u00e1ria de Gabinete:<\/h5>\t\t\t\t<\/div>\n\t\t\t\t<\/div>\n\t\t\t\t<div class=\"elementor-element elementor-element-25b4ce9 elementor-widget elementor-widget-text-editor\" data-id=\"25b4ce9\" data-element_type=\"widget\" data-e-type=\"widget\" data-widget_type=\"text-editor.default\">\n\t\t\t\t<div class=\"elementor-widget-container\">\n\t\t\t\t\t\t\t\t\t<p><strong>Nathalia Maria Leite Machado<\/strong><\/p>\t\t\t\t\t\t\t\t<\/div>\n\t\t\t\t<\/div>\n\t\t\t\t<\/div>\n\t\t<div class=\"elementor-element elementor-element-5ddcc96 e-con-full e-flex e-con e-child\" data-id=\"5ddcc96\" data-element_type=\"container\" data-e-type=\"container\">\n\t\t\t\t<div class=\"elementor-element elementor-element-b1f60a2 elementor-widget elementor-widget-heading\" data-id=\"b1f60a2\" data-element_type=\"widget\" data-e-type=\"widget\" data-widget_type=\"heading.default\">\n\t\t\t\t<div class=\"elementor-widget-container\">\n\t\t\t\t\t<h5 class=\"elementor-heading-title elementor-size-default\">Contato:<\/h5>\t\t\t\t<\/div>\n\t\t\t\t<\/div>\n\t\t\t\t<div class=\"elementor-element elementor-element-847474d elementor-widget elementor-widget-text-editor\" data-id=\"847474d\" data-element_type=\"widget\" data-e-type=\"widget\" data-widget_type=\"text-editor.default\">\n\t\t\t\t<div class=\"elementor-widget-container\">\n\t\t\t\t\t\t\t\t\t<p><b><span id=\"cloaka31c0f773fff6a641bbf26a8d8cb5d9d\"><\/span><\/b><span id=\"cloakf350e8737c029eff8348c206c71fa833\"><span id=\"cloak0f13a832323440997f7dd19d4c9ae103\"><\/span><strong><a href=\"mailto:decania@macae.ufrj.br\">decania@macae.ufrj.br<\/a><\/strong><\/span><\/p>\t\t\t\t\t\t\t\t<\/div>\n\t\t\t\t<\/div>\n\t\t\t\t<\/div>\n\t\t\t\t<\/div>\n\t\t<div class=\"elementor-element elementor-element-6f5ec2b e-con-full e-flex e-con e-child\" data-id=\"6f5ec2b\" data-element_type=\"container\" data-e-type=\"container\">\n\t\t<div class=\"elementor-element elementor-element-c756c65 e-con-full e-flex e-con e-child\" data-id=\"c756c65\" data-element_type=\"container\" data-e-type=\"container\">\n\t\t\t\t<div class=\"elementor-element elementor-element-3f54dd2 elementor-widget elementor-widget-heading\" data-id=\"3f54dd2\" data-element_type=\"widget\" data-e-type=\"widget\" data-widget_type=\"heading.default\">\n\t\t\t\t<div class=\"elementor-widget-container\">\n\t\t\t\t\t<h5 class=\"elementor-heading-title elementor-size-default\">Agenda do Decano | Centro Multidisciplinar UFRJ - Maca\u00e9<\/h5>\t\t\t\t<\/div>\n\t\t\t\t<\/div>\n\t\t\t\t<\/div>\n\t\t\t\t<\/div>\n\t\t\t\t<div class=\"elementor-element elementor-element-a0eeeab elementor-widget elementor-widget-html\" data-id=\"a0eeeab\" data-element_type=\"widget\" data-e-type=\"widget\" data-widget_type=\"html.default\">\n\t\t\t\t<div class=\"elementor-widget-container\">\n\t\t\t\t\t<p><iframe src=\"https:\/\/calendar.google.com\/calendar\/embed?height=500&wkst=1&bgcolor=%23ffffff&ctz=America%2FSao_Paulo&src=ZGVjYW5pYW1hY2FlQGVyZW1vdG8udWZyai5icg&src=cHQtYnIuYnJhemlsaWFuI2hvbGlkYXlAZ3JvdXAudi5jYWxlbmRhci5nb29nbGUuY29t&color=%23039BE5&color=%230B8043&showTitle=0&showNav=0&showPrint=0&showTabs=0&showCalendars=0\" style=\"border:solid 1px #777\" width=\"500\" height=\"500\" frameborder=\"0\" scrolling=\"no\"><\/iframe><\/p>\t\t\t\t<\/div>\n\t\t\t\t<\/div>\n\t\t\t\t<\/div>\n\t\t<div class=\"elementor-element elementor-element-52d87f9 e-con-full e-flex e-con e-child\" data-id=\"52d87f9\" data-element_type=\"container\" data-e-type=\"container\">\n\t\t\t\t<div class=\"elementor-element elementor-element-781ed36 elementor-widget elementor-widget-image\" data-id=\"781ed36\" data-element_type=\"widget\" data-e-type=\"widget\" data-widget_type=\"image.default\">\n\t\t\t\t<div class=\"elementor-widget-container\">\n\t\t\t\t\t\t\t\t\t\t\t\t\t\t\t<img decoding=\"async\" width=\"262\" height=\"182\" src=\"https:\/\/portal.macae.ufrj.br\/wp-content\/uploads\/2023\/11\/Vertical-Cor-RGB-completa.png\" class=\"attachment-large size-large wp-image-10807\" alt=\"\" srcset=\"https:\/\/portal.macae.ufrj.br\/wp-content\/uploads\/2023\/11\/Vertical-Cor-RGB-completa.png 262w, https:\/\/portal.macae.ufrj.br\/wp-content\/uploads\/2023\/11\/Vertical-Cor-RGB-completa-18x12.png 18w\" sizes=\"(max-width: 262px) 100vw, 262px\" \/>\t\t\t\t\t\t\t\t\t\t\t\t\t\t\t<\/div>\n\t\t\t\t<\/div>\n\t\t\t\t<div class=\"elementor-element elementor-element-4221434 elementor-widget elementor-widget-spacer\" data-id=\"4221434\" data-element_type=\"widget\" data-e-type=\"widget\" data-widget_type=\"spacer.default\">\n\t\t\t\t<div class=\"elementor-widget-container\">\n\t\t\t\t\t\t\t<div class=\"elementor-spacer\">\n\t\t\t<div class=\"elementor-spacer-inner\"><\/div>\n\t\t<\/div>\n\t\t\t\t\t\t<\/div>\n\t\t\t\t<\/div>\n\t\t\t\t<\/div>\n\t\t\t\t<\/div>\n\t\t<div class=\"elementor-element elementor-element-a04363b e-con-full e-flex e-con e-parent\" data-id=\"a04363b\" data-element_type=\"container\" data-e-type=\"container\">\n\t\t<div class=\"elementor-element elementor-element-db3d911 e-con-full e-flex e-con e-child\" data-id=\"db3d911\" data-element_type=\"container\" data-e-type=\"container\">\n\t\t\t\t<div class=\"elementor-element elementor-element-253374b elementor-widget elementor-widget-spacer\" data-id=\"253374b\" data-element_type=\"widget\" data-e-type=\"widget\" data-widget_type=\"spacer.default\">\n\t\t\t\t<div class=\"elementor-widget-container\">\n\t\t\t\t\t\t\t<div class=\"elementor-spacer\">\n\t\t\t<div class=\"elementor-spacer-inner\"><\/div>\n\t\t<\/div>\n\t\t\t\t\t\t<\/div>\n\t\t\t\t<\/div>\n\t\t\t\t<\/div>\n\t\t\t\t<\/div>\n\t\t\t\t<\/div>\n\t\t","protected":false},"excerpt":{"rendered":"<p>Gabinete do Decano Decano: Professor Irnak Marcelo Barbosa Atual Decano do CM UFRJ-Maca\u00e9, foi Diretor-Geral do Campus UFRJ-Maca\u00e9 (2021-2022), conduzindo a finaliza\u00e7\u00e3o do processo de organiza\u00e7\u00e3o administrativa e acad\u00eamica do Campus, que culminou na cria\u00e7\u00e3o do Centro Multidisciplinar UFRJ-Maca\u00e9, sendo indicado como Decano pro tempore por 6 meses prorrog\u00e1veis por igual per\u00edodo. Foi coordenador do [&hellip;]<\/p>\n","protected":false},"author":6,"featured_media":0,"parent":0,"menu_order":0,"comment_status":"closed","ping_status":"closed","template":"","meta":{"_uag_custom_page_level_css":"","site-sidebar-layout":"no-sidebar","site-content-layout":"page-builder","ast-site-content-layout":"default","site-content-style":"default","site-sidebar-style":"default","ast-global-header-display":"","ast-banner-title-visibility":"","ast-main-header-display":"","ast-hfb-above-header-display":"","ast-hfb-below-header-display":"","ast-hfb-mobile-header-display":"","site-post-title":"disabled","ast-breadcrumbs-content":"","ast-featured-img":"disabled","footer-sml-layout":"","ast-disable-related-posts":"","theme-transparent-header-meta":"","adv-header-id-meta":"","stick-header-meta":"","header-above-stick-meta":"","header-main-stick-meta":"","header-below-stick-meta":"","astra-migrate-meta-layouts":"default","ast-page-background-enabled":"default","ast-page-background-meta":{"desktop":{"background-color":"var(--ast-global-color-4)","background-image":"","background-repeat":"repeat","background-position":"center center","background-size":"auto","background-attachment":"scroll","background-type":"","background-media":"","overlay-type":"","overlay-color":"","overlay-opacity":"","overlay-gradient":""},"tablet":{"background-color":"","background-image":"","background-repeat":"repeat","background-position":"center center","background-size":"auto","background-attachment":"scroll","background-type":"","background-media":"","overlay-type":"","overlay-color":"","overlay-opacity":"","overlay-gradient":""},"mobile":{"background-color":"","background-image":"","background-repeat":"repeat","background-position":"center center","background-size":"auto","background-attachment":"scroll","background-type":"","background-media":"","overlay-type":"","overlay-color":"","overlay-opacity":"","overlay-gradient":""}},"ast-content-background-meta":{"desktop":{"background-color":"var(--ast-global-color-5)","background-image":"","background-repeat":"repeat","background-position":"center center","background-size":"auto","background-attachment":"scroll","background-type":"","background-media":"","overlay-type":"","overlay-color":"","overlay-opacity":"","overlay-gradient":""},"tablet":{"background-color":"var(--ast-global-color-5)","background-image":"","background-repeat":"repeat","background-position":"center center","background-size":"auto","background-attachment":"scroll","background-type":"","background-media":"","overlay-type":"","overlay-color":"","overlay-opacity":"","overlay-gradient":""},"mobile":{"background-color":"var(--ast-global-color-5)","background-image":"","background-repeat":"repeat","background-position":"center center","background-size":"auto","background-attachment":"scroll","background-type":"","background-media":"","overlay-type":"","overlay-color":"","overlay-opacity":"","overlay-gradient":""}},"footnotes":"","_links_to":"","_links_to_target":""},"class_list":["post-689","page","type-page","status-publish","hentry"],"uagb_featured_image_src":{"full":false,"thumbnail":false,"medium":false,"medium_large":false,"large":false,"1536x1536":false,"2048x2048":false,"trp-custom-language-flag":false},"uagb_author_info":{"display_name":"Nathalia Machado","author_link":"https:\/\/portal.macae.ufrj.br\/pt_br\/author\/nathaliamachado\/"},"uagb_comment_info":0,"uagb_excerpt":"Gabinete do Decano Decano: Professor Irnak Marcelo Barbosa Atual Decano do CM UFRJ-Maca\u00e9, foi Diretor-Geral do Campus UFRJ-Maca\u00e9 (2021-2022), conduzindo a finaliza\u00e7\u00e3o do processo de organiza\u00e7\u00e3o administrativa e acad\u00eamica do Campus, que culminou na cria\u00e7\u00e3o do Centro Multidisciplinar UFRJ-Maca\u00e9, sendo indicado como Decano pro tempore por 6 meses prorrog\u00e1veis por igual per\u00edodo. Foi coordenador do&hellip;","_links":{"self":[{"href":"https:\/\/portal.macae.ufrj.br\/pt_br\/wp-json\/wp\/v2\/pages\/689","targetHints":{"allow":["GET"]}}],"collection":[{"href":"https:\/\/portal.macae.ufrj.br\/pt_br\/wp-json\/wp\/v2\/pages"}],"about":[{"href":"https:\/\/portal.macae.ufrj.br\/pt_br\/wp-json\/wp\/v2\/types\/page"}],"author":[{"embeddable":true,"href":"https:\/\/portal.macae.ufrj.br\/pt_br\/wp-json\/wp\/v2\/users\/6"}],"replies":[{"embeddable":true,"href":"https:\/\/portal.macae.ufrj.br\/pt_br\/wp-json\/wp\/v2\/comments?post=689"}],"version-history":[{"count":12,"href":"https:\/\/portal.macae.ufrj.br\/pt_br\/wp-json\/wp\/v2\/pages\/689\/revisions"}],"predecessor-version":[{"id":11253,"href":"https:\/\/portal.macae.ufrj.br\/pt_br\/wp-json\/wp\/v2\/pages\/689\/revisions\/11253"}],"wp:attachment":[{"href":"https:\/\/portal.macae.ufrj.br\/pt_br\/wp-json\/wp\/v2\/media?parent=689"}],"curies":[{"name":"wp","href":"https:\/\/api.w.org\/{rel}","templated":true}]}}