{"id":2879,"date":"2022-03-02T05:32:34","date_gmt":"2022-03-02T08:32:34","guid":{"rendered":"https:\/\/portal.macae.ufrj.br\/?page_id=2879"},"modified":"2025-03-25T14:16:29","modified_gmt":"2025-03-25T17:16:29","slug":"compras-2022","status":"publish","type":"page","link":"https:\/\/portal.macae.ufrj.br\/pt_br\/compras-2022\/","title":{"rendered":"Compras 2022"},"content":{"rendered":"\t\t<div data-elementor-type=\"wp-page\" data-elementor-id=\"2879\" class=\"elementor elementor-2879\" data-elementor-post-type=\"page\">\n\t\t\t\t<div class=\"elementor-element elementor-element-4a9a09f e-con-full e-flex e-con e-parent\" data-id=\"4a9a09f\" data-element_type=\"container\" data-e-type=\"container\">\n\t\t<div class=\"elementor-element elementor-element-37800e7 e-con-full e-flex e-con e-child\" data-id=\"37800e7\" data-element_type=\"container\" data-e-type=\"container\">\n\t\t\t\t<div class=\"elementor-element elementor-element-0e00a76 elementor-widget elementor-widget-image\" data-id=\"0e00a76\" data-element_type=\"widget\" data-e-type=\"widget\" data-widget_type=\"image.default\">\n\t\t\t\t<div class=\"elementor-widget-container\">\n\t\t\t\t\t\t\t\t\t\t\t\t\t\t\t<img fetchpriority=\"high\" decoding=\"async\" width=\"800\" height=\"600\" src=\"https:\/\/portal.macae.ufrj.br\/wp-content\/uploads\/2021\/11\/compras_UFRJ.jpg\" class=\"attachment-large size-large wp-image-1526\" alt=\"\" srcset=\"https:\/\/portal.macae.ufrj.br\/wp-content\/uploads\/2021\/11\/compras_UFRJ.jpg 800w, https:\/\/portal.macae.ufrj.br\/wp-content\/uploads\/2021\/11\/compras_UFRJ-300x225.jpg 300w, https:\/\/portal.macae.ufrj.br\/wp-content\/uploads\/2021\/11\/compras_UFRJ-768x576.jpg 768w, https:\/\/portal.macae.ufrj.br\/wp-content\/uploads\/2021\/11\/compras_UFRJ-16x12.jpg 16w\" sizes=\"(max-width: 800px) 100vw, 800px\" \/>\t\t\t\t\t\t\t\t\t\t\t\t\t\t\t<\/div>\n\t\t\t\t<\/div>\n\t\t\t\t<div class=\"elementor-element elementor-element-f4153f5 elementor-widget elementor-widget-wp-widget-nav_menu\" data-id=\"f4153f5\" data-element_type=\"widget\" data-e-type=\"widget\" data-widget_type=\"wp-widget-nav_menu.default\">\n\t\t\t\t<div class=\"elementor-widget-container\">\n\t\t\t\t\t<nav class=\"menu-comprasmenu-container\" aria-label=\"Menu\"><ul id=\"menu-comprasmenu\" class=\"menu\"><li id=\"menu-item-2884\" class=\"menu-item menu-item-type-post_type menu-item-object-page menu-item-2884\"><a href=\"https:\/\/portal.macae.ufrj.br\/pt_br\/compras-2022\/\" class=\"menu-link\">Plano Anual de Contrata\u00e7\u00f5es 2022<\/a><\/li>\n<li id=\"menu-item-336\" class=\"menu-item menu-item-type-post_type menu-item-object-page menu-item-336\"><a href=\"https:\/\/portal.macae.ufrj.br\/pt_br\/compras\/\" class=\"menu-link\">Plano Anual de Contrata\u00e7\u00f5es 2021<\/a><\/li>\n<li id=\"menu-item-358\" class=\"menu-item menu-item-type-post_type menu-item-object-page menu-item-358\"><a href=\"https:\/\/portal.macae.ufrj.br\/pt_br\/compras-2020\/\" class=\"menu-link\">Compras 2020<\/a><\/li>\n<li id=\"menu-item-359\" class=\"menu-item menu-item-type-post_type menu-item-object-page menu-item-359\"><a href=\"https:\/\/portal.macae.ufrj.br\/pt_br\/compras-2019\/\" class=\"menu-link\">Compras 2019<\/a><\/li>\n<li id=\"menu-item-360\" class=\"menu-item menu-item-type-post_type menu-item-object-page menu-item-360\"><a href=\"https:\/\/portal.macae.ufrj.br\/pt_br\/compras-2018\/\" class=\"menu-link\">Compras 2018<\/a><\/li>\n<\/ul><\/nav>\t\t\t\t<\/div>\n\t\t\t\t<\/div>\n\t\t\t\t<\/div>\n\t\t<div class=\"elementor-element elementor-element-8ef79ce e-con-full e-flex e-con e-child\" data-id=\"8ef79ce\" data-element_type=\"container\" data-e-type=\"container\">\n\t\t\t\t<div class=\"elementor-element elementor-element-f2d1db1 elementor-widget elementor-widget-heading\" data-id=\"f2d1db1\" data-element_type=\"widget\" data-e-type=\"widget\" data-widget_type=\"heading.default\">\n\t\t\t\t<div class=\"elementor-widget-container\">\n\t\t\t\t\t<h3 class=\"elementor-heading-title elementor-size-default\">COMPRAS:<\/h3>\t\t\t\t<\/div>\n\t\t\t\t<\/div>\n\t\t\t\t<div class=\"elementor-element elementor-element-efc58b2 elementor-widget elementor-widget-text-editor\" data-id=\"efc58b2\" data-element_type=\"widget\" data-e-type=\"widget\" data-widget_type=\"text-editor.default\">\n\t\t\t\t<div class=\"elementor-widget-container\">\n\t\t\t\t\t\t\t\t\t<p>Destina-se a orientar, receber, organizar e encaminhar as demandas de materiais e servi\u00e7os do corpo social do Campus UFRJ-Maca\u00e9.<\/p>\t\t\t\t\t\t\t\t<\/div>\n\t\t\t\t<\/div>\n\t\t<div class=\"elementor-element elementor-element-a2c4397 e-con-full e-flex e-con e-child\" data-id=\"a2c4397\" data-element_type=\"container\" data-e-type=\"container\">\n\t\t<div class=\"elementor-element elementor-element-25677ad e-con-full e-flex e-con e-child\" data-id=\"25677ad\" data-element_type=\"container\" data-e-type=\"container\">\n\t\t\t\t<div class=\"elementor-element elementor-element-0b6c7b1 elementor-widget elementor-widget-text-editor\" data-id=\"0b6c7b1\" data-element_type=\"widget\" data-e-type=\"widget\" data-widget_type=\"text-editor.default\">\n\t\t\t\t<div class=\"elementor-widget-container\">\n\t\t\t\t\t\t\t\t\t<p><strong>Equipe:<\/strong><\/p><ul><li>Fabio Faraj<\/li><li>Jair Lisboa Lima J\u00fanior<\/li><li>J\u00fanior C\u00e9sar Campos<\/li><li>Jullyana Dias<\/li><li>Gabriela Suberino<\/li><\/ul>\t\t\t\t\t\t\t\t<\/div>\n\t\t\t\t<\/div>\n\t\t\t\t<\/div>\n\t\t<div class=\"elementor-element elementor-element-9f84ff6 e-con-full e-flex e-con e-child\" data-id=\"9f84ff6\" data-element_type=\"container\" data-e-type=\"container\">\n\t\t\t\t<div class=\"elementor-element elementor-element-3720094 elementor-widget elementor-widget-text-editor\" data-id=\"3720094\" data-element_type=\"widget\" data-e-type=\"widget\" data-widget_type=\"text-editor.default\">\n\t\t\t\t<div class=\"elementor-widget-container\">\n\t\t\t\t\t\t\t\t\t<p><strong>Hor\u00e1rio de Funcionamento:<\/strong><\/p><p>De segunda a sexta-feira, das 08h00 \u00e0s 16h00<\/p>\t\t\t\t\t\t\t\t<\/div>\n\t\t\t\t<\/div>\n\t\t\t\t<div class=\"elementor-element elementor-element-027f535 elementor-widget elementor-widget-text-editor\" data-id=\"027f535\" data-element_type=\"widget\" data-e-type=\"widget\" data-widget_type=\"text-editor.default\">\n\t\t\t\t<div class=\"elementor-widget-container\">\n\t\t\t\t\t\t\t\t\t<p><strong>Contato:<\/strong><\/p><p>Tel: (22) 2141-4011<\/p><p><strong>E-mail:<\/strong> <span id=\"cloake88bc3041f68b79b45301c23a9ccd246\"><a href=\"mailto:setordecompras@macae.ufrj.br\" rel=\"noreferrer\">setordecompras@macae.ufrj.br<\/a><\/span><\/p>\t\t\t\t\t\t\t\t<\/div>\n\t\t\t\t<\/div>\n\t\t\t\t<\/div>\n\t\t\t\t<\/div>\n\t\t\t\t<\/div>\n\t\t\t\t<\/div>\n\t\t<div class=\"elementor-element elementor-element-ddaf33d e-con-full e-flex e-con e-parent\" data-id=\"ddaf33d\" data-element_type=\"container\" data-e-type=\"container\">\n\t\t<div class=\"elementor-element elementor-element-0913fda e-con-full e-flex e-con e-child\" data-id=\"0913fda\" data-element_type=\"container\" data-e-type=\"container\">\n\t\t\t\t<div class=\"elementor-element elementor-element-dd43521 elementor-widget elementor-widget-heading\" data-id=\"dd43521\" data-element_type=\"widget\" data-e-type=\"widget\" data-widget_type=\"heading.default\">\n\t\t\t\t<div class=\"elementor-widget-container\">\n\t\t\t\t\t<h2 class=\"elementor-heading-title elementor-size-default\">Plano Anual de Contrata\u00e7\u00f5es 2022<\/h2>\t\t\t\t<\/div>\n\t\t\t\t<\/div>\n\t\t\t\t<div class=\"elementor-element elementor-element-6e12c37 elementor-widget elementor-widget-text-editor\" data-id=\"6e12c37\" data-element_type=\"widget\" data-e-type=\"widget\" data-widget_type=\"text-editor.default\">\n\t\t\t\t<div class=\"elementor-widget-container\">\n\t\t\t\t\t\t\t\t\t<p>Em atendimento aos Artigos 8\u00ba e 9\u00ba da Instru\u00e7\u00e3o Normativa n\u00ba 01\/2019, da Secretaria de Gest\u00e3o do Minist\u00e9rio da Economia,<br \/>o\u00a0Plano Anual de Contrata\u00e7\u00f5es de 2021 da Universidade Federal do Rio de Janeiro &#8211; Campus Maca\u00e9, UASG 152737, est\u00e1 dispon\u00edvel para consulta no link abaixo:<\/p><p><a href=\"http:\/\/macae.ufrj.br\/images\/Compras\/Relatorio_Itens.pdf\" target=\"_blank\" rel=\"noopener\">RELAT\u00d3RIO PLANO ANUAL DE CONTRATA\u00c7\u00d5ES 2022<\/a><\/p><div><p>\u00a0<\/p><\/div>\t\t\t\t\t\t\t\t<\/div>\n\t\t\t\t<\/div>\n\t\t\t\t<\/div>\n\t\t<div class=\"elementor-element elementor-element-1e53555 e-con-full e-flex e-con e-child\" data-id=\"1e53555\" data-element_type=\"container\" data-e-type=\"container\">\n\t\t\t\t<div class=\"elementor-element elementor-element-b4b45d8 elementor-widget elementor-widget-heading\" data-id=\"b4b45d8\" data-element_type=\"widget\" data-e-type=\"widget\" data-widget_type=\"heading.default\">\n\t\t\t\t<div class=\"elementor-widget-container\">\n\t\t\t\t\t<h3 class=\"elementor-heading-title elementor-size-default\">PROCEDIMENTOS:<\/h3>\t\t\t\t<\/div>\n\t\t\t\t<\/div>\n\t\t\t\t<div class=\"elementor-element elementor-element-1e755b6 elementor-widget elementor-widget-text-editor\" data-id=\"1e755b6\" data-element_type=\"widget\" data-e-type=\"widget\" data-widget_type=\"text-editor.default\">\n\t\t\t\t<div class=\"elementor-widget-container\">\n\t\t\t\t\t\t\t\t\t<p>Em aten\u00e7\u00e3o \u00e0 <a href=\"https:\/\/www.gov.br\/compras\/pt-br\/acesso-a-informacao\/legislacao\/instrucoes-normativas\/instrucao-normativa-no-1-de-10-de-janeiro-de-2019-atualizada\" target=\"_blank\" rel=\"noopener noreferrer\">IN n\u00ba 1\/2019 SEGES\/ME<\/a>, as solicita\u00e7\u00f5es ao Setor de Compras devem ser precedidas de cadastro do material, bem e\/ou servi\u00e7o no Plano Anual de Contrata\u00e7\u00f5es (PAC), de acordo com o cronograma do PAC.<\/p><p><img decoding=\"async\" src=\"https:\/\/macae.ufrj.br\/images\/Compras\/Cronograma-PGC2.jpg\" alt=\"Cronograma PGC2\" width=\"544\" height=\"188\" \/><\/p><p>Ap\u00f3s o cadastro dos itens no PAC, o Setor de Compras realiza a constru\u00e7\u00e3o do <a href=\"https:\/\/portal.macae.ufrj.br\/wp-content\/uploads\/2022\/05\/CALENDARIO-COMPRAS-2022.pdf\" target=\"_blank\" rel=\"noopener\">calend\u00e1rio anual de solicita\u00e7\u00e3o de compras<\/a>.<\/p><p>A solicita\u00e7\u00e3o de compras deve ser realizada pelo Requisitante, em aten\u00e7\u00e3o ao calend\u00e1rio estabelecido. A requisi\u00e7\u00e3o deve ser encaminhada atrav\u00e9s do preenchimento e envio <i>online<\/i> do<a href=\"https:\/\/formularios.macae.ufrj.br\/gerenciador\/processos\/documento-oficializacao-demanda\" target=\"_blank\" rel=\"noopener\"> Documento de Oficializa\u00e7\u00e3o de Demanda (DOD)<\/a>.<\/p><p>A instru\u00e7\u00e3o processual e sua respectiva tramita\u00e7\u00e3o seguir\u00e3o as etapas descritas no<a href=\"https:\/\/macae.ufrj.br\/images\/Compras\/POP-COMPRAS-MACA-SEI1.pdf\" target=\"_blank\" rel=\"noopener\"> Procedimento Operacional Padr\u00e3o (POP) <\/a>de compras.<\/p><p><strong>Cadastro no PAC (situa\u00e7\u00f5es especiais):<\/strong><\/p><p>As solicita\u00e7\u00f5es de material estoc\u00e1vel e de material de uso comum, ou seja, materiais utilizados por toda comunidade acad\u00eamica (exemplos: pap\u00e9is, canetas, cartuchos de impressora, descart\u00e1veis, produtos de higiene e de limpeza geral, etc.) devem ser encaminhadas ao Setor de Almoxarifado, que far\u00e1 o cadastro dos itens no PAC.<\/p><p>As solicita\u00e7\u00f5es de mobili\u00e1rio (exemplos: mesas, cadeiras, arm\u00e1rios, arquivos, etc.), <i>datashow<\/i> e materiais associados (exemplos: extens\u00e3o el\u00e9trica, filtro de linha, etc.) devem ser precedidas de consulta \u00e0 Coordena\u00e7\u00e3o Administrativa. Ap\u00f3s autoriza\u00e7\u00e3o da Coordena\u00e7\u00e3o Administrativa, o Requisitante dever\u00e1 realizar o cadastro dos itens no PAC.<\/p><p>As solicita\u00e7\u00f5es de servi\u00e7os relacionados ao escopo do Setor de Administra\u00e7\u00e3o de Edif\u00edcios (exemplos: manuten\u00e7\u00e3o predial, rede el\u00e9trica e hidr\u00e1ulica, etc.) e os materiais associados a tais servi\u00e7os (exemplos: l\u00e2mpadas, fios, fechaduras, tintas, etc.) devem ser encaminhadas ao Setor de Administra\u00e7\u00e3o de Edif\u00edcios, que far\u00e1 an\u00e1lise e eventual cadastro dos itens no PAC.<\/p><p>As solicita\u00e7\u00f5es de ativos de inform\u00e1tica (exemplos: computadores, impressoras, estabilizadores, <i>softwares<\/i>, etc.) devem ser precedidas de abertura de chamado junto \u00e0 TIC. Ap\u00f3s an\u00e1lise e autoriza\u00e7\u00e3o da TIC, o Requisitante dever\u00e1 realizar o cadastro dos itens no PAC como &#8216;Solu\u00e7\u00f5es de Tecnologia da Informa\u00e7\u00e3o e Comunica\u00e7\u00e3o&#8217;, de acordo com a especifica\u00e7\u00e3o do item pela TIC, no encaminhamento do chamado.<\/p>\t\t\t\t\t\t\t\t<\/div>\n\t\t\t\t<\/div>\n\t\t\t\t<div class=\"elementor-element elementor-element-92f16c7 elementor-widget elementor-widget-text-editor\" data-id=\"92f16c7\" data-element_type=\"widget\" data-e-type=\"widget\" data-widget_type=\"text-editor.default\">\n\t\t\t\t<div class=\"elementor-widget-container\">\n\t\t\t\t\t\t\t\t\t<p><strong style=\"font-size: 16px;\">Links \u00fateis<\/strong><\/p><div><p>&#8211; <a href=\"https:\/\/www.comprasnet.gov.br\/seguro\/loginPortal.asp\" target=\"_blank\" rel=\"noopener noreferrer\">Comprasnet SIASG &#8211; Sistema Integrado de Administra\u00e7\u00e3o de Servi\u00e7os Gerais<\/a><\/p><p>&#8211; <a href=\"https:\/\/www3.comprasnet.gov.br\/sicaf-web\/index.jsf\" target=\"_blank\" rel=\"noopener noreferrer\">SICAF &#8211; Sistema de Cadastramento Unificado de Fornecedores<\/a><\/p><p>&#8211; <a href=\"https:\/\/www.gov.br\/compras\/pt-br\/centrais-de-conteudo\/manuais\/manual-cotacao\/manual_cotacao_fornec.pdf\" target=\"_blank\" rel=\"noopener noreferrer\">Manual Cota\u00e7\u00e3o Eletr\u00f4nica &#8211; Orienta\u00e7\u00f5es para o Fornecedor<\/a><\/p><p>&#8211; <a href=\"http:\/\/comprasnet.gov.br\/acesso.asp?url=\/cotacao\/menu.asp?filtro=livre_andamento\" target=\"_blank\" rel=\"noopener noreferrer\">Cota\u00e7\u00f5es Eletr\u00f4nicas em Andamento<\/a><\/p><p><strong>Contato<\/strong><\/p><p>E-mail: <span id=\"cloak4fe0c8c1a7dd93f33ed99de12479979a\"><a href=\"mailto:setordecompras@macae.ufrj.br\" rel=\"noreferrer\">setordecompras@macae.ufrj.br<\/a><\/span><\/p><\/div>\t\t\t\t\t\t\t\t<\/div>\n\t\t\t\t<\/div>\n\t\t\t\t<\/div>\n\t\t\t\t<\/div>\n\t\t\t\t<\/div>\n\t\t","protected":false},"excerpt":{"rendered":"<p>COMPRAS: Destina-se a orientar, receber, organizar e encaminhar as demandas de materiais e servi\u00e7os do corpo social do Campus UFRJ-Maca\u00e9. Equipe: Fabio Faraj Jair Lisboa Lima J\u00fanior J\u00fanior C\u00e9sar Campos Jullyana Dias Gabriela Suberino Hor\u00e1rio de Funcionamento: De segunda a sexta-feira, das 08h00 \u00e0s 16h00 Contato: Tel: (22) 2141-4011 E-mail: setordecompras@macae.ufrj.br Plano Anual de Contrata\u00e7\u00f5es [&hellip;]<\/p>\n","protected":false},"author":6,"featured_media":0,"parent":0,"menu_order":0,"comment_status":"closed","ping_status":"closed","template":"","meta":{"_uag_custom_page_level_css":"","site-sidebar-layout":"no-sidebar","site-content-layout":"page-builder","ast-site-content-layout":"default","site-content-style":"default","site-sidebar-style":"default","ast-global-header-display":"","ast-banner-title-visibility":"","ast-main-header-display":"","ast-hfb-above-header-display":"","ast-hfb-below-header-display":"","ast-hfb-mobile-header-display":"","site-post-title":"disabled","ast-breadcrumbs-content":"","ast-featured-img":"disabled","footer-sml-layout":"","ast-disable-related-posts":"","theme-transparent-header-meta":"","adv-header-id-meta":"","stick-header-meta":"","header-above-stick-meta":"","header-main-stick-meta":"","header-below-stick-meta":"","astra-migrate-meta-layouts":"default","ast-page-background-enabled":"default","ast-page-background-meta":{"desktop":{"background-color":"var(--ast-global-color-4)","background-image":"","background-repeat":"repeat","background-position":"center center","background-size":"auto","background-attachment":"scroll","background-type":"","background-media":"","overlay-type":"","overlay-color":"","overlay-opacity":"","overlay-gradient":""},"tablet":{"background-color":"","background-image":"","background-repeat":"repeat","background-position":"center center","background-size":"auto","background-attachment":"scroll","background-type":"","background-media":"","overlay-type":"","overlay-color":"","overlay-opacity":"","overlay-gradient":""},"mobile":{"background-color":"","background-image":"","background-repeat":"repeat","background-position":"center center","background-size":"auto","background-attachment":"scroll","background-type":"","background-media":"","overlay-type":"","overlay-color":"","overlay-opacity":"","overlay-gradient":""}},"ast-content-background-meta":{"desktop":{"background-color":"var(--ast-global-color-5)","background-image":"","background-repeat":"repeat","background-position":"center center","background-size":"auto","background-attachment":"scroll","background-type":"","background-media":"","overlay-type":"","overlay-color":"","overlay-opacity":"","overlay-gradient":""},"tablet":{"background-color":"var(--ast-global-color-5)","background-image":"","background-repeat":"repeat","background-position":"center center","background-size":"auto","background-attachment":"scroll","background-type":"","background-media":"","overlay-type":"","overlay-color":"","overlay-opacity":"","overlay-gradient":""},"mobile":{"background-color":"var(--ast-global-color-5)","background-image":"","background-repeat":"repeat","background-position":"center center","background-size":"auto","background-attachment":"scroll","background-type":"","background-media":"","overlay-type":"","overlay-color":"","overlay-opacity":"","overlay-gradient":""}},"footnotes":"","_links_to":"","_links_to_target":""},"class_list":["post-2879","page","type-page","status-publish","hentry"],"uagb_featured_image_src":{"full":false,"thumbnail":false,"medium":false,"medium_large":false,"large":false,"1536x1536":false,"2048x2048":false,"trp-custom-language-flag":false},"uagb_author_info":{"display_name":"Nathalia Machado","author_link":"https:\/\/portal.macae.ufrj.br\/pt_br\/author\/nathaliamachado\/"},"uagb_comment_info":0,"uagb_excerpt":"COMPRAS: Destina-se a orientar, receber, organizar e encaminhar as demandas de materiais e servi\u00e7os do corpo social do Campus UFRJ-Maca\u00e9. Equipe: Fabio Faraj Jair Lisboa Lima J\u00fanior J\u00fanior C\u00e9sar Campos Jullyana Dias Gabriela Suberino Hor\u00e1rio de Funcionamento: De segunda a sexta-feira, das 08h00 \u00e0s 16h00 Contato: Tel: (22) 2141-4011 E-mail: setordecompras@macae.ufrj.br Plano Anual de Contrata\u00e7\u00f5es&hellip;","_links":{"self":[{"href":"https:\/\/portal.macae.ufrj.br\/pt_br\/wp-json\/wp\/v2\/pages\/2879","targetHints":{"allow":["GET"]}}],"collection":[{"href":"https:\/\/portal.macae.ufrj.br\/pt_br\/wp-json\/wp\/v2\/pages"}],"about":[{"href":"https:\/\/portal.macae.ufrj.br\/pt_br\/wp-json\/wp\/v2\/types\/page"}],"author":[{"embeddable":true,"href":"https:\/\/portal.macae.ufrj.br\/pt_br\/wp-json\/wp\/v2\/users\/6"}],"replies":[{"embeddable":true,"href":"https:\/\/portal.macae.ufrj.br\/pt_br\/wp-json\/wp\/v2\/comments?post=2879"}],"version-history":[{"count":6,"href":"https:\/\/portal.macae.ufrj.br\/pt_br\/wp-json\/wp\/v2\/pages\/2879\/revisions"}],"predecessor-version":[{"id":14302,"href":"https:\/\/portal.macae.ufrj.br\/pt_br\/wp-json\/wp\/v2\/pages\/2879\/revisions\/14302"}],"wp:attachment":[{"href":"https:\/\/portal.macae.ufrj.br\/pt_br\/wp-json\/wp\/v2\/media?parent=2879"}],"curies":[{"name":"wp","href":"https:\/\/api.w.org\/{rel}","templated":true}]}}