{"id":769,"date":"2021-11-22T23:28:17","date_gmt":"2021-11-23T02:28:17","guid":{"rendered":"https:\/\/portal.macae.ufrj.br\/?page_id=769"},"modified":"2024-02-28T15:10:28","modified_gmt":"2024-02-28T18:10:28","slug":"comissao-de-direitos-humanos-e-combate-as-violencias","status":"publish","type":"page","link":"https:\/\/portal.macae.ufrj.br\/en\/comissao-de-direitos-humanos-e-combate-as-violencias\/","title":{"rendered":"Commission on Human Rights and Combating Violence"},"content":{"rendered":"<div data-elementor-type=\"wp-page\" data-elementor-id=\"769\" class=\"elementor elementor-769\" data-elementor-post-type=\"page\">\n\t\t\t\t<div class=\"elementor-element elementor-element-5389018 e-flex e-con-boxed e-con e-parent\" data-id=\"5389018\" data-element_type=\"container\" data-e-type=\"container\">\n\t\t\t\t\t<div class=\"e-con-inner\">\n\t\t<div class=\"elementor-element elementor-element-60dcf1c e-con-full e-flex e-con e-child\" data-id=\"60dcf1c\" data-element_type=\"container\" data-e-type=\"container\">\n\t\t\t\t<div class=\"elementor-element elementor-element-95eb250 elementor-widget elementor-widget-spacer\" data-id=\"95eb250\" data-element_type=\"widget\" data-e-type=\"widget\" data-widget_type=\"spacer.default\">\n\t\t\t\t<div class=\"elementor-widget-container\">\n\t\t\t\t\t\t\t<div class=\"elementor-spacer\">\n\t\t\t<div class=\"elementor-spacer-inner\"><\/div>\n\t\t<\/div>\n\t\t\t\t\t\t<\/div>\n\t\t\t\t<\/div>\n\t\t\t\t<\/div>\n\t\t\t\t\t<\/div>\n\t\t\t\t<\/div>\n\t\t<div class=\"elementor-element elementor-element-bdfadb6 e-con-full e-flex e-con e-parent\" data-id=\"bdfadb6\" data-element_type=\"container\" data-e-type=\"container\">\n\t\t<div class=\"elementor-element elementor-element-c55f31d e-flex e-con-boxed e-con e-child\" data-id=\"c55f31d\" data-element_type=\"container\" data-e-type=\"container\">\n\t\t\t\t\t<div class=\"e-con-inner\">\n\t\t\t\t<div class=\"elementor-element elementor-element-dfbb274 elementor-widget elementor-widget-heading\" data-id=\"dfbb274\" data-element_type=\"widget\" data-e-type=\"widget\" data-widget_type=\"heading.default\">\n\t\t\t\t<div class=\"elementor-widget-container\">\n\t\t\t\t\t<h3 class=\"elementor-heading-title elementor-size-default\">Human Rights Committee and Combating Violence of the Multidisciplinary Center UFRJ - Maca\u00e9 (CDHCV \/ UFRJ-Maca\u00e9)<\/h3>\t\t\t\t<\/div>\n\t\t\t\t<\/div>\n\t\t\t\t<div class=\"elementor-element elementor-element-a9f1e16 elementor-widget elementor-widget-text-editor\" data-id=\"a9f1e16\" data-element_type=\"widget\" data-e-type=\"widget\" data-widget_type=\"text-editor.default\">\n\t\t\t\t<div class=\"elementor-widget-container\">\n\t\t\t\t\t\t\t\t\t<hr>\n<p>O Decano Pr\u00f3-tempore do Centro Multidisciplinar UFRJ-Maca\u00e9 instituiu, atrav\u00e9s da Portaria N\u00ba 7.541, de 27 de setembro de 2021, revogada pela <a href=\"https:\/\/portal.macae.ufrj.br\/wp-content\/uploads\/2024\/02\/SEI_3967589_Portaria_de_Pessoal_1137.pdf\" target=\"_blank\" rel=\"noopener\">Portaria n\u00ba 1137, de 07 de fevereiro de 2024<\/a>,&nbsp; a Comiss\u00e3o de Direitos Humanos e Contra Viol\u00eancias (CDHCV) do CM UFRJ-Maca\u00e9. Esta comiss\u00e3o constitui um colegiado de natureza consultiva, informativa e educativa, que tem por finalidade a promo\u00e7\u00e3o e defesa dos direitos humanos de estudantes, docentes, servidores t\u00e9cnico-administrativos e comunidade extra-universit\u00e1ria em suas rela\u00e7\u00f5es com Centro Multidisciplinar UFRJ-Maca\u00e9 CM UFRJ-Maca\u00e9, em suas diferentes inst\u00e2ncias administrativas e acad\u00eamicas. Alguns de seus membros representam o CM UFRJ-Maca\u00e9 no Grupo de Trabalho de Direitos Humanos e Enfrentamento \u00e0s Viol\u00eancias da UFRJ, designado pela Reitoria atrav\u00e9s da Portaria N\u00ba 6.267, de 4 de agosto de 2021.<\/p>\n<p><strong>Entre&nbsp;suas&nbsp;fun\u00e7\u00f5es&nbsp;destaca-se:<\/strong><\/p>\n<ul>\n<li>Propor medidas de combate \u00e0 viol\u00eancia e promo\u00e7\u00e3o de ambientes de trabalho e ensino livres de viol\u00eancia, o que inclui: combater distintas formas de viol\u00eancia no \u00e2mbito da UFRJ e promover condutas \u00e9ticas e justas nas rela\u00e7\u00f5es de trabalho, ensino, pesquisa e extens\u00e3o;<\/li>\n<li>Mobilizar, em conjunto com outras inst\u00e2ncias de defesa e promo\u00e7\u00e3o dos direitos humanos, a comunidade da UFRJ para promo\u00e7\u00e3o da dignidade, justi\u00e7a social e respeito \u00e0 diversidade, por meio de atividades educativas, promo\u00e7\u00e3o de debates e f\u00f3runs permanentes;<\/li>\n<li>Propor em conjunto com docentes e discentes, altera\u00e7\u00f5es curriculares para inclus\u00e3o da tem\u00e1tica do respeito \u00e0 diversidade e combate \u00e0 discrimina\u00e7\u00e3o e a todo tipo de viol\u00eancia;<\/li>\n<li>Criar e divulgar fluxo de acolhimento a demandas relacionadas aos Direitos Humanos se caracterizando como um polo captador e difusor de reflex\u00f5es e solu\u00e7\u00f5es negociadas com a estrutura vigente, atuando de forma \u00e9tica e transparente no combate \u00e0s viol\u00eancias;<\/li>\n<li>Propor pesquisa junto aos diferentes setores do Centro Multidisciplinar UFRJ-Maca\u00e9 para diagn\u00f3stico da situa\u00e7\u00e3o de viol\u00eancia, planejamento anual das a\u00e7\u00f5es da comiss\u00e3o e m\u00e9todos para monitorar e avaliar os resultados obtidos;<\/li>\n<li>Deliberar sobre a institui\u00e7\u00e3o de subcomiss\u00f5es tem\u00e1ticas e grupos de trabalho dentro da comiss\u00e3o, para a realiza\u00e7\u00e3o de estudos ou execu\u00e7\u00e3o de atividades espec\u00edficas relacionadas com os Direitos Humanos;<\/li>\n<li>Elaborar pareceres sobre as demandas recebidas e encaminh\u00e1-los aos \u00f3rg\u00e3os competentes.<\/li>\n<\/ul>\n<p>A <a href=\"https:\/\/portal.macae.ufrj.br\/wp-content\/uploads\/2024\/02\/SEI_4005746_Resolucao_262.pdf\" target=\"_blank\" rel=\"noopener\">Resolu\u00e7\u00e3o CC\/UFRJ-Maca\u00e9\/UFRJ N\u00ba 262, de 23 de fevereiro de 2024<\/a>, disp\u00f5e sobre a aprova\u00e7\u00e3o do Regimento Interno da Comiss\u00e3o Permanente de Direitos Humanos e Combate \u00e0s Viol\u00eancias do Centro Multidisciplinar UFRJ-Maca\u00e9. Consulte o referido Regimento no texto da resolu\u00e7\u00e3o.<\/p>\t\t\t\t\t\t\t\t<\/div>\n\t\t\t\t<\/div>\n\t\t\t\t<div class=\"elementor-element elementor-element-ec2ed22 elementor-widget elementor-widget-text-editor\" data-id=\"ec2ed22\" data-element_type=\"widget\" data-e-type=\"widget\" data-widget_type=\"text-editor.default\">\n\t\t\t\t<div class=\"elementor-widget-container\">\n\t\t\t\t\t\t\t\t\t<p><strong>Composi\u00e7\u00e3o de acordo com a\u00a0<a href=\"https:\/\/portal.macae.ufrj.br\/wp-content\/uploads\/2024\/02\/SEI_3967589_Portaria_de_Pessoal_1137.pdf\" target=\"_blank\" rel=\"noopener\">Portaria n\u00ba 1137, de 07 de fevereiro de 2024<\/a>:<\/strong><\/p><ul><li>Antonio Candido de Camargo Guimar\u00e3es Junior, docente, Instituto Polit\u00e9cnico &#8211; SIAPE 1896737 (Presidente da Comiss\u00e3o)<\/li><li>Ana Carolina da Silva Carvalho, docente, Instituto de Ci\u00eancias Farmac\u00eauticas &#8211; SIAPE 2065527<\/li><li>Ariane Victoria Cunha de Santiago, discente, Enfermagem &#8211; DRE 121152724<\/li><li>Bruna Tavares Uchoa dos Santos Xavier, Instituto de Enfermagem &#8211; SIAPE 3912008<\/li><li>Camila Azevedo Souza, docente, Instituto Multidisciplinar de Qu\u00edmica &#8211; SIAPE 1140474<\/li><li>Leila Brito Bergold, docente, Instituto de Enfermagem &#8211; SIAPE 0079441<\/li><li>M\u00e1rcia Regina Viana, docente, Instituto de Alimenta\u00e7\u00e3o e Nutri\u00e7\u00e3o &#8211; SIAPE 2144729<\/li><li>Marcos Vieira Ferreira, docente, Instituto de Ci\u00eancias M\u00e9dicas &#8211; SIAPE 3154332<\/li><li>Raquel Ferreira Guimar\u00e3es, discente, Enfermagem &#8211; DRE 119031603<\/li><\/ul>\t\t\t\t\t\t\t\t<\/div>\n\t\t\t\t<\/div>\n\t\t\t\t\t<\/div>\n\t\t\t\t<\/div>\n\t\t<div class=\"elementor-element elementor-element-821ec3e e-con-full e-flex e-con e-child\" data-id=\"821ec3e\" data-element_type=\"container\" data-e-type=\"container\">\n\t\t\t\t<div class=\"elementor-element elementor-element-b632fd3 elementor-widget elementor-widget-spacer\" data-id=\"b632fd3\" data-element_type=\"widget\" data-e-type=\"widget\" data-widget_type=\"spacer.default\">\n\t\t\t\t<div class=\"elementor-widget-container\">\n\t\t\t\t\t\t\t<div class=\"elementor-spacer\">\n\t\t\t<div class=\"elementor-spacer-inner\"><\/div>\n\t\t<\/div>\n\t\t\t\t\t\t<\/div>\n\t\t\t\t<\/div>\n\t\t\t\t<div class=\"elementor-element elementor-element-d4b935c hfe-nav-menu__align-left hfe-submenu-icon-arrow hfe-submenu-animation-none hfe-link-redirect-child hfe-nav-menu__breakpoint-tablet elementor-widget elementor-widget-navigation-menu\" data-id=\"d4b935c\" data-element_type=\"widget\" data-e-type=\"widget\" data-settings=\"{&quot;padding_horizontal_menu_item&quot;:{&quot;unit&quot;:&quot;px&quot;,&quot;size&quot;:15,&quot;sizes&quot;:[]},&quot;padding_horizontal_menu_item_tablet&quot;:{&quot;unit&quot;:&quot;px&quot;,&quot;size&quot;:&quot;&quot;,&quot;sizes&quot;:[]},&quot;padding_horizontal_menu_item_mobile&quot;:{&quot;unit&quot;:&quot;px&quot;,&quot;size&quot;:&quot;&quot;,&quot;sizes&quot;:[]},&quot;padding_vertical_menu_item&quot;:{&quot;unit&quot;:&quot;px&quot;,&quot;size&quot;:15,&quot;sizes&quot;:[]},&quot;padding_vertical_menu_item_tablet&quot;:{&quot;unit&quot;:&quot;px&quot;,&quot;size&quot;:&quot;&quot;,&quot;sizes&quot;:[]},&quot;padding_vertical_menu_item_mobile&quot;:{&quot;unit&quot;:&quot;px&quot;,&quot;size&quot;:&quot;&quot;,&quot;sizes&quot;:[]},&quot;menu_space_between&quot;:{&quot;unit&quot;:&quot;px&quot;,&quot;size&quot;:&quot;&quot;,&quot;sizes&quot;:[]},&quot;menu_space_between_tablet&quot;:{&quot;unit&quot;:&quot;px&quot;,&quot;size&quot;:&quot;&quot;,&quot;sizes&quot;:[]},&quot;menu_space_between_mobile&quot;:{&quot;unit&quot;:&quot;px&quot;,&quot;size&quot;:&quot;&quot;,&quot;sizes&quot;:[]},&quot;menu_row_space&quot;:{&quot;unit&quot;:&quot;px&quot;,&quot;size&quot;:&quot;&quot;,&quot;sizes&quot;:[]},&quot;menu_row_space_tablet&quot;:{&quot;unit&quot;:&quot;px&quot;,&quot;size&quot;:&quot;&quot;,&quot;sizes&quot;:[]},&quot;menu_row_space_mobile&quot;:{&quot;unit&quot;:&quot;px&quot;,&quot;size&quot;:&quot;&quot;,&quot;sizes&quot;:[]},&quot;dropdown_border_radius&quot;:{&quot;unit&quot;:&quot;px&quot;,&quot;top&quot;:&quot;&quot;,&quot;right&quot;:&quot;&quot;,&quot;bottom&quot;:&quot;&quot;,&quot;left&quot;:&quot;&quot;,&quot;isLinked&quot;:true},&quot;dropdown_border_radius_tablet&quot;:{&quot;unit&quot;:&quot;px&quot;,&quot;top&quot;:&quot;&quot;,&quot;right&quot;:&quot;&quot;,&quot;bottom&quot;:&quot;&quot;,&quot;left&quot;:&quot;&quot;,&quot;isLinked&quot;:true},&quot;dropdown_border_radius_mobile&quot;:{&quot;unit&quot;:&quot;px&quot;,&quot;top&quot;:&quot;&quot;,&quot;right&quot;:&quot;&quot;,&quot;bottom&quot;:&quot;&quot;,&quot;left&quot;:&quot;&quot;,&quot;isLinked&quot;:true},&quot;width_dropdown_item&quot;:{&quot;unit&quot;:&quot;px&quot;,&quot;size&quot;:&quot;220&quot;,&quot;sizes&quot;:[]},&quot;width_dropdown_item_tablet&quot;:{&quot;unit&quot;:&quot;px&quot;,&quot;size&quot;:&quot;&quot;,&quot;sizes&quot;:[]},&quot;width_dropdown_item_mobile&quot;:{&quot;unit&quot;:&quot;px&quot;,&quot;size&quot;:&quot;&quot;,&quot;sizes&quot;:[]},&quot;padding_horizontal_dropdown_item&quot;:{&quot;unit&quot;:&quot;px&quot;,&quot;size&quot;:&quot;&quot;,&quot;sizes&quot;:[]},&quot;padding_horizontal_dropdown_item_tablet&quot;:{&quot;unit&quot;:&quot;px&quot;,&quot;size&quot;:&quot;&quot;,&quot;sizes&quot;:[]},&quot;padding_horizontal_dropdown_item_mobile&quot;:{&quot;unit&quot;:&quot;px&quot;,&quot;size&quot;:&quot;&quot;,&quot;sizes&quot;:[]},&quot;padding_vertical_dropdown_item&quot;:{&quot;unit&quot;:&quot;px&quot;,&quot;size&quot;:15,&quot;sizes&quot;:[]},&quot;padding_vertical_dropdown_item_tablet&quot;:{&quot;unit&quot;:&quot;px&quot;,&quot;size&quot;:&quot;&quot;,&quot;sizes&quot;:[]},&quot;padding_vertical_dropdown_item_mobile&quot;:{&quot;unit&quot;:&quot;px&quot;,&quot;size&quot;:&quot;&quot;,&quot;sizes&quot;:[]},&quot;distance_from_menu&quot;:{&quot;unit&quot;:&quot;px&quot;,&quot;size&quot;:&quot;&quot;,&quot;sizes&quot;:[]},&quot;distance_from_menu_tablet&quot;:{&quot;unit&quot;:&quot;px&quot;,&quot;size&quot;:&quot;&quot;,&quot;sizes&quot;:[]},&quot;distance_from_menu_mobile&quot;:{&quot;unit&quot;:&quot;px&quot;,&quot;size&quot;:&quot;&quot;,&quot;sizes&quot;:[]},&quot;toggle_size&quot;:{&quot;unit&quot;:&quot;px&quot;,&quot;size&quot;:&quot;&quot;,&quot;sizes&quot;:[]},&quot;toggle_size_tablet&quot;:{&quot;unit&quot;:&quot;px&quot;,&quot;size&quot;:&quot;&quot;,&quot;sizes&quot;:[]},&quot;toggle_size_mobile&quot;:{&quot;unit&quot;:&quot;px&quot;,&quot;size&quot;:&quot;&quot;,&quot;sizes&quot;:[]},&quot;toggle_border_width&quot;:{&quot;unit&quot;:&quot;px&quot;,&quot;size&quot;:&quot;&quot;,&quot;sizes&quot;:[]},&quot;toggle_border_width_tablet&quot;:{&quot;unit&quot;:&quot;px&quot;,&quot;size&quot;:&quot;&quot;,&quot;sizes&quot;:[]},&quot;toggle_border_width_mobile&quot;:{&quot;unit&quot;:&quot;px&quot;,&quot;size&quot;:&quot;&quot;,&quot;sizes&quot;:[]},&quot;toggle_border_radius&quot;:{&quot;unit&quot;:&quot;px&quot;,&quot;size&quot;:&quot;&quot;,&quot;sizes&quot;:[]},&quot;toggle_border_radius_tablet&quot;:{&quot;unit&quot;:&quot;px&quot;,&quot;size&quot;:&quot;&quot;,&quot;sizes&quot;:[]},&quot;toggle_border_radius_mobile&quot;:{&quot;unit&quot;:&quot;px&quot;,&quot;size&quot;:&quot;&quot;,&quot;sizes&quot;:[]}}\" data-widget_type=\"navigation-menu.default\">\n\t\t\t\t<div class=\"elementor-widget-container\">\n\t\t\t\t\t\t\t\t<div class=\"hfe-nav-menu hfe-layout-horizontal hfe-nav-menu-layout horizontal hfe-pointer__none\" data-layout=\"horizontal\">\n\t\t\t\t<div role=\"button\" class=\"hfe-nav-menu__toggle elementor-clickable\" tabindex=\"0\" aria-label=\"Menu Toggle\">\n\t\t\t\t\t<span class=\"screen-reader-text\">Menu<\/span>\n\t\t\t\t\t<div class=\"hfe-nav-menu-icon\">\n\t\t\t\t\t\t<i aria-hidden=\"true\"  class=\"fas fa-align-justify\"><\/i>\t\t\t\t\t<\/div>\n\t\t\t\t<\/div>\n\t\t\t\t<nav class=\"hfe-nav-menu__layout-horizontal hfe-nav-menu__submenu-arrow\" data-toggle-icon=\"&lt;i aria-hidden=&quot;true&quot; tabindex=&quot;0&quot; class=&quot;fas fa-align-justify&quot;&gt;&lt;\/i&gt;\" data-close-icon=\"&lt;i aria-hidden=&quot;true&quot; tabindex=&quot;0&quot; class=&quot;far fa-window-close&quot;&gt;&lt;\/i&gt;\" data-full-width=\"yes\">\n\t\t\t\t\t<ul id=\"menu-1-d4b935c\" class=\"hfe-nav-menu\"><li id=\"menu-item-786\" class=\"menu-item menu-item-type-post_type menu-item-object-page parent hfe-creative-menu\"><a href=\"https:\/\/portal.macae.ufrj.br\/en\/comissao-de-biosseguranca\/\" class = \"hfe-menu-item\">Biosafety Commission<\/a><\/li>\n<li id=\"menu-item-780\" class=\"menu-item menu-item-type-post_type menu-item-object-page parent hfe-creative-menu\"><a href=\"https:\/\/portal.macae.ufrj.br\/en\/comissao-de-direitos-humanos-e-combate-as-violencias\/\" class = \"hfe-menu-item\">Commission on Human Rights and Combating Violence<\/a><\/li>\n<li id=\"menu-item-782\" class=\"menu-item menu-item-type-post_type menu-item-object-page parent hfe-creative-menu\"><a href=\"https:\/\/portal.macae.ufrj.br\/en\/comissao-de-espaco-fisico\/\" class = \"hfe-menu-item\">Physical Space Commission<\/a><\/li>\n<li id=\"menu-item-785\" class=\"menu-item menu-item-type-post_type menu-item-object-page parent hfe-creative-menu\"><a href=\"https:\/\/portal.macae.ufrj.br\/en\/comite-de-etica-em-pesquisa\/\" class = \"hfe-menu-item\">Comit\u00ea de \u00c9tica em Pesquisa<\/a><\/li>\n<li id=\"menu-item-787\" class=\"menu-item menu-item-type-post_type menu-item-object-page parent hfe-creative-menu\"><a href=\"https:\/\/portal.macae.ufrj.br\/en\/comissoes\/\" class = \"hfe-menu-item\">Ethics Committee on the use of animals<\/a><\/li>\n<li id=\"menu-item-784\" class=\"menu-item menu-item-type-post_type menu-item-object-page parent hfe-creative-menu\"><a href=\"https:\/\/portal.macae.ufrj.br\/en\/comissao-de-pos-graduacao-em-pesquisa-da-pos-graduacao-stricto-sensu\/\" class = \"hfe-menu-item\">Stricto Sensu Postgraduate Research Commission<\/a><\/li>\n<li id=\"menu-item-779\" class=\"menu-item menu-item-type-post_type menu-item-object-page parent hfe-creative-menu\"><a href=\"https:\/\/portal.macae.ufrj.br\/en\/comissao-permanente-de-acompanhamento-estudantil-e-saude-mental\/\" class = \"hfe-menu-item\">Standing Committee on Student Follow-up and Mental Health<\/a><\/li>\n<li id=\"menu-item-9827\" class=\"menu-item menu-item-type-post_type menu-item-object-page parent hfe-creative-menu\"><a href=\"https:\/\/portal.macae.ufrj.br\/en\/comissao-permanente-de-desenvolvimento-em-docencia-universitaria\/\" class = \"hfe-menu-item\">Comiss\u00e3o Permanente de Desenvolvimento em Doc\u00eancia Universit\u00e1ria<\/a><\/li>\n<li id=\"menu-item-783\" class=\"menu-item menu-item-type-post_type menu-item-object-page parent hfe-creative-menu\"><a href=\"https:\/\/portal.macae.ufrj.br\/en\/comissao-permanente-ufrj-macae-acessivel-e-inclusiva\/\" class = \"hfe-menu-item\">Permanent Commission UFRJ-MACA\u00c9 Accessible and Inclusive<\/a><\/li>\n<\/ul> \n\t\t\t\t<\/nav>\n\t\t\t<\/div>\n\t\t\t\t\t\t\t<\/div>\n\t\t\t\t<\/div>\n\t\t\t\t<\/div>\n\t\t\t\t<\/div>\n\t\t\t\t<\/div>","protected":false},"excerpt":{"rendered":"<p>Comiss\u00e3o de Direitos Humanos e Combate \u00e0s Viol\u00eancias do Centro Multidisciplinar UFRJ &#8211; Maca\u00e9 (CDHCV\/UFRJ-Maca\u00e9) O Decano Pr\u00f3-tempore do Centro Multidisciplinar UFRJ-Maca\u00e9 instituiu, atrav\u00e9s da Portaria N\u00ba 7.541, de 27 de setembro de 2021, revogada pela Portaria n\u00ba 1137, de 07 de fevereiro de 2024,&nbsp; a Comiss\u00e3o de Direitos Humanos e Contra Viol\u00eancias (CDHCV) do [&hellip;]<\/p>\n","protected":false},"author":6,"featured_media":0,"parent":0,"menu_order":0,"comment_status":"closed","ping_status":"closed","template":"","meta":{"_uag_custom_page_level_css":"","site-sidebar-layout":"no-sidebar","site-content-layout":"page-builder","ast-site-content-layout":"default","site-content-style":"default","site-sidebar-style":"default","ast-global-header-display":"","ast-banner-title-visibility":"","ast-main-header-display":"","ast-hfb-above-header-display":"","ast-hfb-below-header-display":"","ast-hfb-mobile-header-display":"","site-post-title":"disabled","ast-breadcrumbs-content":"","ast-featured-img":"disabled","footer-sml-layout":"","ast-disable-related-posts":"","theme-transparent-header-meta":"","adv-header-id-meta":"","stick-header-meta":"","header-above-stick-meta":"","header-main-stick-meta":"","header-below-stick-meta":"","astra-migrate-meta-layouts":"default","ast-page-background-enabled":"default","ast-page-background-meta":{"desktop":{"background-color":"var(--ast-global-color-4)","background-image":"","background-repeat":"repeat","background-position":"center center","background-size":"auto","background-attachment":"scroll","background-type":"","background-media":"","overlay-type":"","overlay-color":"","overlay-opacity":"","overlay-gradient":""},"tablet":{"background-color":"","background-image":"","background-repeat":"repeat","background-position":"center center","background-size":"auto","background-attachment":"scroll","background-type":"","background-media":"","overlay-type":"","overlay-color":"","overlay-opacity":"","overlay-gradient":""},"mobile":{"background-color":"","background-image":"","background-repeat":"repeat","background-position":"center center","background-size":"auto","background-attachment":"scroll","background-type":"","background-media":"","overlay-type":"","overlay-color":"","overlay-opacity":"","overlay-gradient":""}},"ast-content-background-meta":{"desktop":{"background-color":"var(--ast-global-color-5)","background-image":"","background-repeat":"repeat","background-position":"center center","background-size":"auto","background-attachment":"scroll","background-type":"","background-media":"","overlay-type":"","overlay-color":"","overlay-opacity":"","overlay-gradient":""},"tablet":{"background-color":"var(--ast-global-color-5)","background-image":"","background-repeat":"repeat","background-position":"center center","background-size":"auto","background-attachment":"scroll","background-type":"","background-media":"","overlay-type":"","overlay-color":"","overlay-opacity":"","overlay-gradient":""},"mobile":{"background-color":"var(--ast-global-color-5)","background-image":"","background-repeat":"repeat","background-position":"center center","background-size":"auto","background-attachment":"scroll","background-type":"","background-media":"","overlay-type":"","overlay-color":"","overlay-opacity":"","overlay-gradient":""}},"footnotes":"","_links_to":"","_links_to_target":""},"class_list":["post-769","page","type-page","status-publish","hentry"],"uagb_featured_image_src":{"full":false,"thumbnail":false,"medium":false,"medium_large":false,"large":false,"1536x1536":false,"2048x2048":false,"trp-custom-language-flag":false},"uagb_author_info":{"display_name":"Nathalia Machado","author_link":"https:\/\/portal.macae.ufrj.br\/en\/author\/nathaliamachado\/"},"uagb_comment_info":0,"uagb_excerpt":"Comiss\u00e3o de Direitos Humanos e Combate \u00e0s Viol\u00eancias do Centro Multidisciplinar UFRJ &#8211; Maca\u00e9 (CDHCV\/UFRJ-Maca\u00e9) O Decano Pr\u00f3-tempore do Centro Multidisciplinar UFRJ-Maca\u00e9 instituiu, atrav\u00e9s da Portaria N\u00ba 7.541, de 27 de setembro de 2021, revogada pela Portaria n\u00ba 1137, de 07 de fevereiro de 2024,&nbsp; a Comiss\u00e3o de Direitos Humanos e Contra Viol\u00eancias (CDHCV) do&hellip;","_links":{"self":[{"href":"https:\/\/portal.macae.ufrj.br\/en\/wp-json\/wp\/v2\/pages\/769","targetHints":{"allow":["GET"]}}],"collection":[{"href":"https:\/\/portal.macae.ufrj.br\/en\/wp-json\/wp\/v2\/pages"}],"about":[{"href":"https:\/\/portal.macae.ufrj.br\/en\/wp-json\/wp\/v2\/types\/page"}],"author":[{"embeddable":true,"href":"https:\/\/portal.macae.ufrj.br\/en\/wp-json\/wp\/v2\/users\/6"}],"replies":[{"embeddable":true,"href":"https:\/\/portal.macae.ufrj.br\/en\/wp-json\/wp\/v2\/comments?post=769"}],"version-history":[{"count":9,"href":"https:\/\/portal.macae.ufrj.br\/en\/wp-json\/wp\/v2\/pages\/769\/revisions"}],"predecessor-version":[{"id":11596,"href":"https:\/\/portal.macae.ufrj.br\/en\/wp-json\/wp\/v2\/pages\/769\/revisions\/11596"}],"wp:attachment":[{"href":"https:\/\/portal.macae.ufrj.br\/en\/wp-json\/wp\/v2\/media?parent=769"}],"curies":[{"name":"wp","href":"https:\/\/api.w.org\/{rel}","templated":true}]}}