{"id":4787,"date":"2022-06-22T11:43:45","date_gmt":"2022-06-22T14:43:45","guid":{"rendered":"https:\/\/portal.macae.ufrj.br\/?page_id=4787"},"modified":"2023-04-26T16:24:40","modified_gmt":"2023-04-26T19:24:40","slug":"extensao-ajeum","status":"publish","type":"page","link":"https:\/\/portal.macae.ufrj.br\/en\/extensao-ajeum\/","title":{"rendered":"Extens\u00e3o AJEUM"},"content":{"rendered":"<div data-elementor-type=\"wp-page\" data-elementor-id=\"4787\" class=\"elementor elementor-4787\" data-elementor-post-type=\"page\">\n\t\t\t\t<div class=\"elementor-element elementor-element-f8fd979 e-flex e-con-boxed e-con e-parent\" data-id=\"f8fd979\" data-element_type=\"container\" data-e-type=\"container\">\n\t\t\t\t\t<div class=\"e-con-inner\">\n\t\t<div class=\"elementor-element elementor-element-de8ac3e e-con-full e-flex e-con e-child\" data-id=\"de8ac3e\" data-element_type=\"container\" data-e-type=\"container\">\n\t\t\t\t<div class=\"elementor-element elementor-element-ebda4d0 elementor-widget elementor-widget-spacer\" data-id=\"ebda4d0\" data-element_type=\"widget\" data-e-type=\"widget\" data-widget_type=\"spacer.default\">\n\t\t\t\t<div class=\"elementor-widget-container\">\n\t\t\t\t\t\t\t<div class=\"elementor-spacer\">\n\t\t\t<div class=\"elementor-spacer-inner\"><\/div>\n\t\t<\/div>\n\t\t\t\t\t\t<\/div>\n\t\t\t\t<\/div>\n\t\t\t\t<\/div>\n\t\t\t\t\t<\/div>\n\t\t\t\t<\/div>\n\t\t<div class=\"elementor-element elementor-element-cec8ddf e-flex e-con-boxed e-con e-parent\" data-id=\"cec8ddf\" data-element_type=\"container\" data-e-type=\"container\">\n\t\t\t\t\t<div class=\"e-con-inner\">\n\t\t<div class=\"elementor-element elementor-element-5840e0f e-con-full e-flex e-con e-child\" data-id=\"5840e0f\" data-element_type=\"container\" data-e-type=\"container\">\n\t\t<div class=\"elementor-element elementor-element-dbf6d69 e-con-full e-flex e-con e-child\" data-id=\"dbf6d69\" data-element_type=\"container\" data-e-type=\"container\">\n\t\t<div class=\"elementor-element elementor-element-a666cc4 e-con-full e-flex e-con e-child\" data-id=\"a666cc4\" data-element_type=\"container\" data-e-type=\"container\">\n\t\t\t\t<div class=\"elementor-element elementor-element-3a0c2a8 elementor-widget elementor-widget-heading\" data-id=\"3a0c2a8\" data-element_type=\"widget\" data-e-type=\"widget\" data-widget_type=\"heading.default\">\n\t\t\t\t<div class=\"elementor-widget-container\">\n\t\t\t\t\t<h2 class=\"elementor-heading-title elementor-size-default\">AJEUM<\/h2>\t\t\t\t<\/div>\n\t\t\t\t<\/div>\n\t\t\t\t<\/div>\n\t\t\t\t<\/div>\n\t\t\t\t<\/div>\n\t\t\t\t\t<\/div>\n\t\t\t\t<\/div>\n\t\t<div class=\"elementor-element elementor-element-1e15670 e-flex e-con-boxed e-con e-parent\" data-id=\"1e15670\" data-element_type=\"container\" data-e-type=\"container\">\n\t\t\t\t\t<div class=\"e-con-inner\">\n\t\t<div class=\"elementor-element elementor-element-2bac521 e-con-full e-flex e-con e-child\" data-id=\"2bac521\" data-element_type=\"container\" data-e-type=\"container\">\n\t\t<div class=\"elementor-element elementor-element-7d8e949 e-con-full e-flex e-con e-child\" data-id=\"7d8e949\" data-element_type=\"container\" data-e-type=\"container\">\n\t\t<div class=\"elementor-element elementor-element-9cada99 e-con-full e-flex e-con e-child\" data-id=\"9cada99\" data-element_type=\"container\" data-e-type=\"container\">\n\t\t\t\t<div class=\"elementor-element elementor-element-7ac16b3 elementor-widget elementor-widget-text-editor\" data-id=\"7ac16b3\" data-element_type=\"widget\" data-e-type=\"widget\" data-widget_type=\"text-editor.default\">\n\t\t\t\t<div class=\"elementor-widget-container\">\n\t\t\t\t\t\t\t\t\t<p>O AJEUM \u00e9 um programa de extens\u00e3o que articula os temas alimenta\u00e7\u00e3o escolar, sa\u00fade, educa\u00e7\u00e3o e culturas afro-brasileiras. Congrega os projetos de extens\u00e3o \u201cA culin\u00e1ria afro-brasileira como promotora da alimenta\u00e7\u00e3o saud\u00e1vel no ambiente escolar\u201d (CulinAfro\/UFRJ\/Maca\u00e9), \u201cAlimenta\u00e7\u00e3o e sa\u00fade na escola: uma abordagem transdisciplinar\u201d (Nutes\/UFRJ) e o \u201cAbayomi: a culin\u00e1ria afro-brasileira combinando saberes e sabores com a alimenta\u00e7\u00e3o escolar\u201d (UFRJ\/Maca\u00e9). As referidas a\u00e7\u00f5es de extens\u00e3o atuam no espa\u00e7o escolar, desde a sala de aula at\u00e9 as cozinhas escolares, em comunidades quilombolas e de maioria negra, fomentando di\u00e1logos, reflex\u00f5es, atividades educativas e a promo\u00e7\u00e3o da alimenta\u00e7\u00e3o escolar afrocentrada. Os projetos vinculados, desde 2014, compartilham discuss\u00f5es te\u00f3ricas, produ\u00e7\u00f5es acad\u00eamicas (como livro, artigos, resumos), a\u00e7\u00f5es de extens\u00e3o e divulga\u00e7\u00e3o cient\u00edfica.<\/p><p>O AJEUM baseia-se nas cinco Diretrizes de Extens\u00e3o Universit\u00e1ria: valoriza a intera\u00e7\u00e3o dial\u00f3gica, a participa\u00e7\u00e3o de pessoas de distintas \u00e1reas do saber nos processos de saber\/fazer, pensa nos impactos sociais desde a realidade dos sujeitos e considera o potencial de forma\u00e7\u00e3o do(a) estudante pela experi\u00eancia que articula, indissociavelmente, o ensino, a pesquisa e a extens\u00e3o. O objetivo principal do AJEUM \u00e9 contribuir para a promo\u00e7\u00e3o da alimenta\u00e7\u00e3o escolar afrocentrada e a constru\u00e7\u00e3o de processos educativos no \u00e2mbito escolar, que estimulem a reflex\u00e3o cr\u00edtica sobre alimenta\u00e7\u00e3o e sa\u00fade, em di\u00e1logo com saberes populares e tradicionais, na perspectiva do direito humano, da igualdade racial e de g\u00eanero. A Educa\u00e7\u00e3o Popular (FREIRE, 1987) \u00e9 o caminho te\u00f3rico-metodol\u00f3gico elegido e a metodologia da problematiza\u00e7\u00e3o ser\u00e1 empregada a partir da utiliza\u00e7\u00e3o do Arco de Maguerez (AM) como aparelho motor na busca do desenvolvimento de a\u00e7\u00f5es pautadas em uma constru\u00e7\u00e3o coletiva junto ao p\u00fablico da a\u00e7\u00e3o, com base na sua realidade (COLOMBO, 2007). Como resultados, esperamos, dentre outros, desenvolver processos educativos remotos sobre alimenta\u00e7\u00e3o e sa\u00fade, junto \u00e0 comunidade escolar e elaborar documento de refer\u00eancia t\u00e9cnica para o Programa Nacional de Alimenta\u00e7\u00e3o Escolar, no que diz respeito \u00e0 alimenta\u00e7\u00e3o escolar quilombola.<\/p>\t\t\t\t\t\t\t\t<\/div>\n\t\t\t\t<\/div>\n\t\t\t\t<\/div>\n\t\t\t\t<\/div>\n\t\t\t\t<\/div>\n\t\t\t\t\t<\/div>\n\t\t\t\t<\/div>\n\t\t\t\t<\/div>","protected":false},"excerpt":{"rendered":"<p>AJEUM O AJEUM \u00e9 um programa de extens\u00e3o que articula os temas alimenta\u00e7\u00e3o escolar, sa\u00fade, educa\u00e7\u00e3o e culturas afro-brasileiras. Congrega os projetos de extens\u00e3o \u201cA culin\u00e1ria afro-brasileira como promotora da alimenta\u00e7\u00e3o saud\u00e1vel no ambiente escolar\u201d (CulinAfro\/UFRJ\/Maca\u00e9), \u201cAlimenta\u00e7\u00e3o e sa\u00fade na escola: uma abordagem transdisciplinar\u201d (Nutes\/UFRJ) e o \u201cAbayomi: a culin\u00e1ria afro-brasileira combinando saberes e sabores [&hellip;]<\/p>\n","protected":false},"author":7,"featured_media":0,"parent":0,"menu_order":0,"comment_status":"closed","ping_status":"closed","template":"","meta":{"_uag_custom_page_level_css":"","site-sidebar-layout":"no-sidebar","site-content-layout":"page-builder","ast-site-content-layout":"default","site-content-style":"default","site-sidebar-style":"default","ast-global-header-display":"","ast-banner-title-visibility":"","ast-main-header-display":"","ast-hfb-above-header-display":"","ast-hfb-below-header-display":"","ast-hfb-mobile-header-display":"","site-post-title":"disabled","ast-breadcrumbs-content":"","ast-featured-img":"disabled","footer-sml-layout":"","ast-disable-related-posts":"","theme-transparent-header-meta":"","adv-header-id-meta":"","stick-header-meta":"","header-above-stick-meta":"","header-main-stick-meta":"","header-below-stick-meta":"","astra-migrate-meta-layouts":"default","ast-page-background-enabled":"default","ast-page-background-meta":{"desktop":{"background-color":"var(--ast-global-color-4)","background-image":"","background-repeat":"repeat","background-position":"center center","background-size":"auto","background-attachment":"scroll","background-type":"","background-media":"","overlay-type":"","overlay-color":"","overlay-opacity":"","overlay-gradient":""},"tablet":{"background-color":"","background-image":"","background-repeat":"repeat","background-position":"center center","background-size":"auto","background-attachment":"scroll","background-type":"","background-media":"","overlay-type":"","overlay-color":"","overlay-opacity":"","overlay-gradient":""},"mobile":{"background-color":"","background-image":"","background-repeat":"repeat","background-position":"center center","background-size":"auto","background-attachment":"scroll","background-type":"","background-media":"","overlay-type":"","overlay-color":"","overlay-opacity":"","overlay-gradient":""}},"ast-content-background-meta":{"desktop":{"background-color":"var(--ast-global-color-5)","background-image":"","background-repeat":"repeat","background-position":"center center","background-size":"auto","background-attachment":"scroll","background-type":"","background-media":"","overlay-type":"","overlay-color":"","overlay-opacity":"","overlay-gradient":""},"tablet":{"background-color":"var(--ast-global-color-5)","background-image":"","background-repeat":"repeat","background-position":"center center","background-size":"auto","background-attachment":"scroll","background-type":"","background-media":"","overlay-type":"","overlay-color":"","overlay-opacity":"","overlay-gradient":""},"mobile":{"background-color":"var(--ast-global-color-5)","background-image":"","background-repeat":"repeat","background-position":"center center","background-size":"auto","background-attachment":"scroll","background-type":"","background-media":"","overlay-type":"","overlay-color":"","overlay-opacity":"","overlay-gradient":""}},"footnotes":"","_links_to":"","_links_to_target":""},"class_list":["post-4787","page","type-page","status-publish","hentry"],"uagb_featured_image_src":{"full":false,"thumbnail":false,"medium":false,"medium_large":false,"large":false,"1536x1536":false,"2048x2048":false,"trp-custom-language-flag":false},"uagb_author_info":{"display_name":"Barbara Lana","author_link":"https:\/\/portal.macae.ufrj.br\/en\/author\/barbara-lana\/"},"uagb_comment_info":0,"uagb_excerpt":"AJEUM O AJEUM \u00e9 um programa de extens\u00e3o que articula os temas alimenta\u00e7\u00e3o escolar, sa\u00fade, educa\u00e7\u00e3o e culturas afro-brasileiras. Congrega os projetos de extens\u00e3o \u201cA culin\u00e1ria afro-brasileira como promotora da alimenta\u00e7\u00e3o saud\u00e1vel no ambiente escolar\u201d (CulinAfro\/UFRJ\/Maca\u00e9), \u201cAlimenta\u00e7\u00e3o e sa\u00fade na escola: uma abordagem transdisciplinar\u201d (Nutes\/UFRJ) e o \u201cAbayomi: a culin\u00e1ria afro-brasileira combinando saberes e sabores&hellip;","_links":{"self":[{"href":"https:\/\/portal.macae.ufrj.br\/en\/wp-json\/wp\/v2\/pages\/4787","targetHints":{"allow":["GET"]}}],"collection":[{"href":"https:\/\/portal.macae.ufrj.br\/en\/wp-json\/wp\/v2\/pages"}],"about":[{"href":"https:\/\/portal.macae.ufrj.br\/en\/wp-json\/wp\/v2\/types\/page"}],"author":[{"embeddable":true,"href":"https:\/\/portal.macae.ufrj.br\/en\/wp-json\/wp\/v2\/users\/7"}],"replies":[{"embeddable":true,"href":"https:\/\/portal.macae.ufrj.br\/en\/wp-json\/wp\/v2\/comments?post=4787"}],"version-history":[{"count":3,"href":"https:\/\/portal.macae.ufrj.br\/en\/wp-json\/wp\/v2\/pages\/4787\/revisions"}],"predecessor-version":[{"id":7470,"href":"https:\/\/portal.macae.ufrj.br\/en\/wp-json\/wp\/v2\/pages\/4787\/revisions\/7470"}],"wp:attachment":[{"href":"https:\/\/portal.macae.ufrj.br\/en\/wp-json\/wp\/v2\/media?parent=4787"}],"curies":[{"name":"wp","href":"https:\/\/api.w.org\/{rel}","templated":true}]}}