{"id":1089,"date":"2021-11-24T00:04:07","date_gmt":"2021-11-24T03:04:07","guid":{"rendered":"https:\/\/portal.macae.ufrj.br\/?page_id=1089"},"modified":"2025-04-30T10:36:14","modified_gmt":"2025-04-30T13:36:14","slug":"administracao-de-edificios","status":"publish","type":"page","link":"https:\/\/portal.macae.ufrj.br\/en\/administracao-de-edificios\/","title":{"rendered":"Building Management"},"content":{"rendered":"<div data-elementor-type=\"wp-page\" data-elementor-id=\"1089\" class=\"elementor elementor-1089\" data-elementor-post-type=\"page\">\n\t\t\t\t<div class=\"elementor-element elementor-element-649a812 e-con-full e-flex e-con e-parent\" data-id=\"649a812\" data-element_type=\"container\" data-e-type=\"container\">\n\t\t<div class=\"elementor-element elementor-element-378a115 e-con-full e-flex e-con e-child\" data-id=\"378a115\" data-element_type=\"container\" data-e-type=\"container\">\n\t\t\t\t<div class=\"elementor-element elementor-element-6949aaa elementor-widget elementor-widget-image\" data-id=\"6949aaa\" data-element_type=\"widget\" data-e-type=\"widget\" data-widget_type=\"image.default\">\n\t\t\t\t<div class=\"elementor-widget-container\">\n\t\t\t\t\t\t\t\t\t\t\t\t\t\t\t<img fetchpriority=\"high\" decoding=\"async\" width=\"800\" height=\"445\" src=\"https:\/\/portal.macae.ufrj.br\/wp-content\/uploads\/2021\/11\/7-800x445-1.jpg\" class=\"attachment-large size-large wp-image-1539\" alt=\"\" srcset=\"https:\/\/portal.macae.ufrj.br\/wp-content\/uploads\/2021\/11\/7-800x445-1.jpg 800w, https:\/\/portal.macae.ufrj.br\/wp-content\/uploads\/2021\/11\/7-800x445-1-300x167.jpg 300w, https:\/\/portal.macae.ufrj.br\/wp-content\/uploads\/2021\/11\/7-800x445-1-768x427.jpg 768w, https:\/\/portal.macae.ufrj.br\/wp-content\/uploads\/2021\/11\/7-800x445-1-18x10.jpg 18w\" sizes=\"(max-width: 800px) 100vw, 800px\" \/>\t\t\t\t\t\t\t\t\t\t\t\t\t\t\t<\/div>\n\t\t\t\t<\/div>\n\t\t\t\t<\/div>\n\t\t<div class=\"elementor-element elementor-element-7d8f824 e-con-full e-flex e-con e-child\" data-id=\"7d8f824\" data-element_type=\"container\" data-e-type=\"container\">\n\t\t\t\t<div class=\"elementor-element elementor-element-1a96f61 elementor-widget elementor-widget-heading\" data-id=\"1a96f61\" data-element_type=\"widget\" data-e-type=\"widget\" data-widget_type=\"heading.default\">\n\t\t\t\t<div class=\"elementor-widget-container\">\n\t\t\t\t\t<h4 class=\"elementor-heading-title elementor-size-default\">MANUTEN\u00c7\u00c3O PREDIAL<\/h4>\t\t\t\t<\/div>\n\t\t\t\t<\/div>\n\t\t\t\t<div class=\"elementor-element elementor-element-caadef5 elementor-widget elementor-widget-text-editor\" data-id=\"caadef5\" data-element_type=\"widget\" data-e-type=\"widget\" data-widget_type=\"text-editor.default\">\n\t\t\t\t<div class=\"elementor-widget-container\">\n\t\t\t\t\t\t\t\t\t<p>O Setor de Administra\u00e7\u00e3o de Edif\u00edcios tem as seguintes atribui\u00e7\u00f5es e compet\u00eancias:<\/p><ul><li>Administrar os edif\u00edcios do Campus UFRJ Maca\u00e9, organizando, acompanhando e controlando os servi\u00e7os demanuten\u00e7\u00e3o corretiva e preventiva;<\/li><li>Executar ou providenciar os servi\u00e7os de manuten\u00e7\u00e3o em geral, trocando l\u00e2mpadas e fus\u00edveis, efetuando pequenosreparos e requisitando pessoas habilitadas para os reparos de bombas, caixas d\u2019\u00e1gua, extintores e elevadores, paraassegurar as condi\u00e7\u00f5es de funcionamento e seguran\u00e7a das instala\u00e7\u00f5es;<\/li><li>Planejar e acompanhar pequenas obras e reformas no Campus, buscando apoio e\/ou demanda da PU &#8211; UFRJ eintera\u00e7\u00e3o com o ETU &#8211; UFRJ;<\/li><li>Promover, controlar, supervisionar e acompanhar as atividades relacionadas \u00e0 portaria, zeladoria, recep\u00e7\u00e3o, limpeza,conserva\u00e7\u00e3o e manuten\u00e7\u00e3o das edifica\u00e7\u00f5es;<\/li><li>Acompanhar a fiscaliza\u00e7\u00e3o dos contratos relativos aos \u00f3rg\u00e3os de manuten\u00e7\u00e3o junto \u00e0s empresas terceirizadas, visandoa presta\u00e7\u00e3o de servi\u00e7os de forma adequada e satisfat\u00f3ria;<\/li><li>Organizar os servi\u00e7os do pessoal sob sua responsabilidade, distribuindo tarefas, fixando hor\u00e1rios e substitui\u00e7\u00f5es;<\/li><li>Atender o p\u00fablico interno e externo;<\/li><li>Acompanhar o registro da frequ\u00eancia dos colaboradores lotados no Setor;<\/li><li>Executar outras tarefas correlatas e de mesma natureza.<\/li><\/ul>\t\t\t\t\t\t\t\t<\/div>\n\t\t\t\t<\/div>\n\t\t<div class=\"elementor-element elementor-element-8bebeab e-con-full e-flex e-con e-child\" data-id=\"8bebeab\" data-element_type=\"container\" data-e-type=\"container\">\n\t\t<div class=\"elementor-element elementor-element-52bf302 e-con-full e-flex e-con e-child\" data-id=\"52bf302\" data-element_type=\"container\" data-e-type=\"container\">\n\t\t\t\t<div class=\"elementor-element elementor-element-5254951 elementor-widget elementor-widget-text-editor\" data-id=\"5254951\" data-element_type=\"widget\" data-e-type=\"widget\" data-widget_type=\"text-editor.default\">\n\t\t\t\t<div class=\"elementor-widget-container\">\n\t\t\t\t\t\t\t\t\t<p><strong>Chefia:<\/strong><\/p><ul><li>\u200bF\u00e1bio Porto<\/li><\/ul><p><strong>Team:<\/strong><\/p><ul><li>J\u00falio Gon\u00e7alves<\/li><li>Luiz Carlos Soares<\/li><\/ul>\t\t\t\t\t\t\t\t<\/div>\n\t\t\t\t<\/div>\n\t\t\t\t<\/div>\n\t\t<div class=\"elementor-element elementor-element-d65795a e-con-full e-flex e-con e-child\" data-id=\"d65795a\" data-element_type=\"container\" data-e-type=\"container\">\n\t\t\t\t<div class=\"elementor-element elementor-element-9257002 elementor-widget elementor-widget-text-editor\" data-id=\"9257002\" data-element_type=\"widget\" data-e-type=\"widget\" data-widget_type=\"text-editor.default\">\n\t\t\t\t<div class=\"elementor-widget-container\">\n\t\t\t\t\t\t\t\t\t<p><strong>Hor\u00e1rio de Atendimento:<\/strong><\/p><p>09h \u00e0s 17h<\/p>\t\t\t\t\t\t\t\t<\/div>\n\t\t\t\t<\/div>\n\t\t\t\t<div class=\"elementor-element elementor-element-188f4cb elementor-widget elementor-widget-text-editor\" data-id=\"188f4cb\" data-element_type=\"widget\" data-e-type=\"widget\" data-widget_type=\"text-editor.default\">\n\t\t\t\t<div class=\"elementor-widget-container\">\n\t\t\t\t\t\t\t\t\t<p><strong>Contact:<\/strong><\/p><p><strong>E-mail:<\/strong> <span id=\"cloake29684e852a0d107d3faa822214783d4\"><a href=\"mailto:rh@macae.ufrj.br\">\u200b\u200b<span id=\"cloake0c30a432b875965211f935fe1f54941\"><\/span><\/a>manutencaopredial@macae.ufrj.br<\/span><span id=\"cloak12f178274e9e49fb7fa1fe653804465d\"><\/span><\/p>\t\t\t\t\t\t\t\t<\/div>\n\t\t\t\t<\/div>\n\t\t\t\t<\/div>\n\t\t\t\t<\/div>\n\t\t\t\t<\/div>\n\t\t\t\t<\/div>\n\t\t<div class=\"elementor-element elementor-element-9378a63 e-con-full e-flex e-con e-parent\" data-id=\"9378a63\" data-element_type=\"container\" data-e-type=\"container\">\n\t\t<div class=\"elementor-element elementor-element-80e57a1 e-con-full e-flex e-con e-child\" data-id=\"80e57a1\" data-element_type=\"container\" data-e-type=\"container\">\n\t\t\t\t<div class=\"elementor-element elementor-element-661c32e elementor-widget elementor-widget-heading\" data-id=\"661c32e\" data-element_type=\"widget\" data-e-type=\"widget\" data-widget_type=\"heading.default\">\n\t\t\t\t<div class=\"elementor-widget-container\">\n\t\t\t\t\t<h4 class=\"elementor-heading-title elementor-size-default\">Chamados para o setor de Administra\u00e7\u00e3o de Edif\u00edcios:<\/h4>\t\t\t\t<\/div>\n\t\t\t\t<\/div>\n\t\t\t\t<div class=\"elementor-element elementor-element-3220e9a elementor-widget elementor-widget-text-editor\" data-id=\"3220e9a\" data-element_type=\"widget\" data-e-type=\"widget\" data-widget_type=\"text-editor.default\">\n\t\t\t\t<div class=\"elementor-widget-container\">\n\t\t\t\t\t\t\t\t\t<p>O atendimento \u00e0s solicita\u00e7\u00f5es de manuten\u00e7\u00e3o predial \u00e9 realizado atrav\u00e9s do link\u00a0 \u201c<a href=\"https:\/\/atendimento.macae.ufrj.br\/aberturadechamados\/\" target=\"_blank\" rel=\"noopener\">Support Services<\/a>\u201d.<\/p>\t\t\t\t\t\t\t\t<\/div>\n\t\t\t\t<\/div>\n\t\t\t\t<div class=\"elementor-element elementor-element-e6054d6 elementor-widget elementor-widget-spacer\" data-id=\"e6054d6\" data-element_type=\"widget\" data-e-type=\"widget\" data-widget_type=\"spacer.default\">\n\t\t\t\t<div class=\"elementor-widget-container\">\n\t\t\t\t\t\t\t<div class=\"elementor-spacer\">\n\t\t\t<div class=\"elementor-spacer-inner\"><\/div>\n\t\t<\/div>\n\t\t\t\t\t\t<\/div>\n\t\t\t\t<\/div>\n\t\t\t\t<\/div>\n\t\t\t\t<\/div>\n\t\t\t\t<\/div>","protected":false},"excerpt":{"rendered":"<p>MANUTEN\u00c7\u00c3O PREDIAL O Setor de Administra\u00e7\u00e3o de Edif\u00edcios tem as seguintes atribui\u00e7\u00f5es e compet\u00eancias: Administrar os edif\u00edcios do Campus UFRJ Maca\u00e9, organizando, acompanhando e controlando os servi\u00e7os demanuten\u00e7\u00e3o corretiva e preventiva; Executar ou providenciar os servi\u00e7os de manuten\u00e7\u00e3o em geral, trocando l\u00e2mpadas e fus\u00edveis, efetuando pequenosreparos e requisitando pessoas habilitadas para os reparos de bombas, [&hellip;]<\/p>\n","protected":false},"author":6,"featured_media":0,"parent":0,"menu_order":0,"comment_status":"closed","ping_status":"closed","template":"","meta":{"_uag_custom_page_level_css":"","site-sidebar-layout":"no-sidebar","site-content-layout":"page-builder","ast-site-content-layout":"default","site-content-style":"default","site-sidebar-style":"default","ast-global-header-display":"","ast-banner-title-visibility":"","ast-main-header-display":"","ast-hfb-above-header-display":"","ast-hfb-below-header-display":"","ast-hfb-mobile-header-display":"","site-post-title":"disabled","ast-breadcrumbs-content":"","ast-featured-img":"disabled","footer-sml-layout":"","ast-disable-related-posts":"","theme-transparent-header-meta":"","adv-header-id-meta":"","stick-header-meta":"","header-above-stick-meta":"","header-main-stick-meta":"","header-below-stick-meta":"","astra-migrate-meta-layouts":"default","ast-page-background-enabled":"default","ast-page-background-meta":{"desktop":{"background-color":"var(--ast-global-color-4)","background-image":"","background-repeat":"repeat","background-position":"center center","background-size":"auto","background-attachment":"scroll","background-type":"","background-media":"","overlay-type":"","overlay-color":"","overlay-opacity":"","overlay-gradient":""},"tablet":{"background-color":"","background-image":"","background-repeat":"repeat","background-position":"center center","background-size":"auto","background-attachment":"scroll","background-type":"","background-media":"","overlay-type":"","overlay-color":"","overlay-opacity":"","overlay-gradient":""},"mobile":{"background-color":"","background-image":"","background-repeat":"repeat","background-position":"center center","background-size":"auto","background-attachment":"scroll","background-type":"","background-media":"","overlay-type":"","overlay-color":"","overlay-opacity":"","overlay-gradient":""}},"ast-content-background-meta":{"desktop":{"background-color":"var(--ast-global-color-5)","background-image":"","background-repeat":"repeat","background-position":"center center","background-size":"auto","background-attachment":"scroll","background-type":"","background-media":"","overlay-type":"","overlay-color":"","overlay-opacity":"","overlay-gradient":""},"tablet":{"background-color":"var(--ast-global-color-5)","background-image":"","background-repeat":"repeat","background-position":"center center","background-size":"auto","background-attachment":"scroll","background-type":"","background-media":"","overlay-type":"","overlay-color":"","overlay-opacity":"","overlay-gradient":""},"mobile":{"background-color":"var(--ast-global-color-5)","background-image":"","background-repeat":"repeat","background-position":"center center","background-size":"auto","background-attachment":"scroll","background-type":"","background-media":"","overlay-type":"","overlay-color":"","overlay-opacity":"","overlay-gradient":""}},"footnotes":"","_links_to":"","_links_to_target":""},"class_list":["post-1089","page","type-page","status-publish","hentry"],"uagb_featured_image_src":{"full":false,"thumbnail":false,"medium":false,"medium_large":false,"large":false,"1536x1536":false,"2048x2048":false,"trp-custom-language-flag":false},"uagb_author_info":{"display_name":"Nathalia Machado","author_link":"https:\/\/portal.macae.ufrj.br\/en\/author\/nathaliamachado\/"},"uagb_comment_info":0,"uagb_excerpt":"MANUTEN\u00c7\u00c3O PREDIAL O Setor de Administra\u00e7\u00e3o de Edif\u00edcios tem as seguintes atribui\u00e7\u00f5es e compet\u00eancias: Administrar os edif\u00edcios do Campus UFRJ Maca\u00e9, organizando, acompanhando e controlando os servi\u00e7os demanuten\u00e7\u00e3o corretiva e preventiva; Executar ou providenciar os servi\u00e7os de manuten\u00e7\u00e3o em geral, trocando l\u00e2mpadas e fus\u00edveis, efetuando pequenosreparos e requisitando pessoas habilitadas para os reparos de bombas,&hellip;","_links":{"self":[{"href":"https:\/\/portal.macae.ufrj.br\/en\/wp-json\/wp\/v2\/pages\/1089","targetHints":{"allow":["GET"]}}],"collection":[{"href":"https:\/\/portal.macae.ufrj.br\/en\/wp-json\/wp\/v2\/pages"}],"about":[{"href":"https:\/\/portal.macae.ufrj.br\/en\/wp-json\/wp\/v2\/types\/page"}],"author":[{"embeddable":true,"href":"https:\/\/portal.macae.ufrj.br\/en\/wp-json\/wp\/v2\/users\/6"}],"replies":[{"embeddable":true,"href":"https:\/\/portal.macae.ufrj.br\/en\/wp-json\/wp\/v2\/comments?post=1089"}],"version-history":[{"count":9,"href":"https:\/\/portal.macae.ufrj.br\/en\/wp-json\/wp\/v2\/pages\/1089\/revisions"}],"predecessor-version":[{"id":14676,"href":"https:\/\/portal.macae.ufrj.br\/en\/wp-json\/wp\/v2\/pages\/1089\/revisions\/14676"}],"wp:attachment":[{"href":"https:\/\/portal.macae.ufrj.br\/en\/wp-json\/wp\/v2\/media?parent=1089"}],"curies":[{"name":"wp","href":"https:\/\/api.w.org\/{rel}","templated":true}]}}