{"id":1028,"date":"2021-11-23T23:32:17","date_gmt":"2021-11-24T02:32:17","guid":{"rendered":"https:\/\/portal.macae.ufrj.br\/?page_id=1028"},"modified":"2024-03-01T08:49:07","modified_gmt":"2024-03-01T11:49:07","slug":"financeiro","status":"publish","type":"page","link":"https:\/\/portal.macae.ufrj.br\/en\/financeiro\/","title":{"rendered":"Financial"},"content":{"rendered":"<div data-elementor-type=\"wp-page\" data-elementor-id=\"1028\" class=\"elementor elementor-1028\" data-elementor-post-type=\"page\">\n\t\t\t\t<div class=\"elementor-element elementor-element-b804f7f e-con-full e-flex e-con e-parent\" data-id=\"b804f7f\" data-element_type=\"container\" data-e-type=\"container\">\n\t\t<div class=\"elementor-element elementor-element-99cb4ef e-con-full e-flex e-con e-child\" data-id=\"99cb4ef\" data-element_type=\"container\" data-e-type=\"container\">\n\t\t\t\t<div class=\"elementor-element elementor-element-6b44992 elementor-widget elementor-widget-spacer\" data-id=\"6b44992\" data-element_type=\"widget\" data-e-type=\"widget\" data-widget_type=\"spacer.default\">\n\t\t\t\t<div class=\"elementor-widget-container\">\n\t\t\t\t\t\t\t<div class=\"elementor-spacer\">\n\t\t\t<div class=\"elementor-spacer-inner\"><\/div>\n\t\t<\/div>\n\t\t\t\t\t\t<\/div>\n\t\t\t\t<\/div>\n\t\t\t\t<div class=\"elementor-element elementor-element-d623f97 elementor-widget elementor-widget-heading\" data-id=\"d623f97\" data-element_type=\"widget\" data-e-type=\"widget\" data-widget_type=\"heading.default\">\n\t\t\t\t<div class=\"elementor-widget-container\">\n\t\t\t\t\t<h4 class=\"elementor-heading-title elementor-size-default\">FINANCEIRO<\/h4>\t\t\t\t<\/div>\n\t\t\t\t<\/div>\n\t\t\t\t<\/div>\n\t\t\t\t<\/div>\n\t\t<div class=\"elementor-element elementor-element-b088301 e-con-full e-flex e-con e-parent\" data-id=\"b088301\" data-element_type=\"container\" data-e-type=\"container\">\n\t\t<div class=\"elementor-element elementor-element-9642d7e e-con-full e-flex e-con e-child\" data-id=\"9642d7e\" data-element_type=\"container\" data-e-type=\"container\">\n\t\t\t\t<div class=\"elementor-element elementor-element-c23e23c elementor-widget elementor-widget-image\" data-id=\"c23e23c\" data-element_type=\"widget\" data-e-type=\"widget\" data-widget_type=\"image.default\">\n\t\t\t\t<div class=\"elementor-widget-container\">\n\t\t\t\t\t\t\t\t\t\t\t\t\t\t\t<img fetchpriority=\"high\" decoding=\"async\" width=\"800\" height=\"534\" src=\"https:\/\/portal.macae.ufrj.br\/wp-content\/uploads\/2021\/11\/financeiro_UFRJ.jpg\" class=\"attachment-large size-large wp-image-1515\" alt=\"\" srcset=\"https:\/\/portal.macae.ufrj.br\/wp-content\/uploads\/2021\/11\/financeiro_UFRJ.jpg 800w, https:\/\/portal.macae.ufrj.br\/wp-content\/uploads\/2021\/11\/financeiro_UFRJ-300x200.jpg 300w, https:\/\/portal.macae.ufrj.br\/wp-content\/uploads\/2021\/11\/financeiro_UFRJ-768x513.jpg 768w, https:\/\/portal.macae.ufrj.br\/wp-content\/uploads\/2021\/11\/financeiro_UFRJ-18x12.jpg 18w\" sizes=\"(max-width: 800px) 100vw, 800px\" \/>\t\t\t\t\t\t\t\t\t\t\t\t\t\t\t<\/div>\n\t\t\t\t<\/div>\n\t\t\t\t<div class=\"elementor-element elementor-element-e03de96 elementor-widget elementor-widget-text-editor\" data-id=\"e03de96\" data-element_type=\"widget\" data-e-type=\"widget\" data-widget_type=\"text-editor.default\">\n\t\t\t\t<div class=\"elementor-widget-container\">\n\t\t\t\t\t\t\t\t\t<p><strong>Equipe<\/strong><\/p><ul><li>Angela Maria Marques Benic\u00e1<\/li><li>C\u00e9sar J\u00fanior da Silva<\/li><li>Ta\u00edsa Caetano de Almeida<\/li><\/ul>\t\t\t\t\t\t\t\t<\/div>\n\t\t\t\t<\/div>\n\t\t\t\t<\/div>\n\t\t<div class=\"elementor-element elementor-element-774aa0a e-con-full e-flex e-con e-child\" data-id=\"774aa0a\" data-element_type=\"container\" data-e-type=\"container\">\n\t\t\t\t<div class=\"elementor-element elementor-element-19be831 elementor-widget elementor-widget-text-editor\" data-id=\"19be831\" data-element_type=\"widget\" data-e-type=\"widget\" data-widget_type=\"text-editor.default\">\n\t\t\t\t<div class=\"elementor-widget-container\">\n\t\t\t\t\t\t\t\t\t<p>O Setor Financeiro \u00e9 respons\u00e1vel pela gest\u00e3o financeira, or\u00e7ament\u00e1ria e de recursos do Centro Multidisciplinar UFRJ-Maca\u00e9.<\/p>\t\t\t\t\t\t\t\t<\/div>\n\t\t\t\t<\/div>\n\t\t<div class=\"elementor-element elementor-element-73fccc3 e-con-full e-flex e-con e-child\" data-id=\"73fccc3\" data-element_type=\"container\" data-e-type=\"container\">\n\t\t<div class=\"elementor-element elementor-element-28807c8 e-con-full e-flex e-con e-child\" data-id=\"28807c8\" data-element_type=\"container\" data-e-type=\"container\">\n\t\t\t\t<div class=\"elementor-element elementor-element-5ee50e0 elementor-widget elementor-widget-text-editor\" data-id=\"5ee50e0\" data-element_type=\"widget\" data-e-type=\"widget\" data-widget_type=\"text-editor.default\">\n\t\t\t\t<div class=\"elementor-widget-container\">\n\t\t\t\t\t\t\t\t\t<p><strong>Contact:<\/strong><\/p><p><strong>Telefone<\/strong>: (22) 2141-4014<\/p><ul><li><strong>E-mail:<\/strong> financeiro.ufrjmacae@gmail.com<\/li><li><strong>E-mail (di\u00e1rias e passagens):<\/strong> financeiro.viagem@macae.ufrj.br<\/li><\/ul>\t\t\t\t\t\t\t\t<\/div>\n\t\t\t\t<\/div>\n\t\t\t\t<\/div>\n\t\t<div class=\"elementor-element elementor-element-f9d2d71 e-con-full e-flex e-con e-child\" data-id=\"f9d2d71\" data-element_type=\"container\" data-e-type=\"container\">\n\t\t\t\t<div class=\"elementor-element elementor-element-698fb19 elementor-widget elementor-widget-text-editor\" data-id=\"698fb19\" data-element_type=\"widget\" data-e-type=\"widget\" data-widget_type=\"text-editor.default\">\n\t\t\t\t<div class=\"elementor-widget-container\">\n\t\t\t\t\t\t\t\t\t<p><strong>Hor\u00e1rio de Atendimento ao p\u00fablico:<\/strong><\/p><p>De segunda a sexta-feira, das 08h00 \u00e0s 16h00<\/p>\t\t\t\t\t\t\t\t<\/div>\n\t\t\t\t<\/div>\n\t\t\t\t<\/div>\n\t\t\t\t<\/div>\n\t\t\t\t<\/div>\n\t\t\t\t<\/div>\n\t\t<div class=\"elementor-element elementor-element-c3ac50a e-con-full e-flex e-con e-parent\" data-id=\"c3ac50a\" data-element_type=\"container\" data-e-type=\"container\">\n\t\t<div class=\"elementor-element elementor-element-47347dd e-con-full e-flex e-con e-child\" data-id=\"47347dd\" data-element_type=\"container\" data-e-type=\"container\">\n\t\t\t\t<div class=\"elementor-element elementor-element-279fdf4 elementor-widget elementor-widget-eael-adv-accordion\" data-id=\"279fdf4\" data-element_type=\"widget\" data-e-type=\"widget\" data-widget_type=\"eael-adv-accordion.default\">\n\t\t\t\t<div class=\"elementor-widget-container\">\n\t\t\t\t\t            <div class=\"eael-adv-accordion\" id=\"eael-adv-accordion-279fdf4\" data-scroll-on-click=\"no\" data-scroll-speed=\"300\" data-accordion-id=\"279fdf4\" data-accordion-type=\"accordion\" data-toogle-speed=\"300\">\n            <div class=\"eael-accordion-list\">\n\t\t\t\t\t<div id=\"procedimento-para-solicitao-de-dirias-e-passagens-participao-em-congressos-e-reunies-ajuda-de-custo-para-disciplinas-e-trabalhos-de-campo\" class=\"elementor-tab-title eael-accordion-header\" tabindex=\"0\" data-tab=\"1\" aria-controls=\"elementor-tab-content-4151\"><span class=\"eael-advanced-accordion-icon-closed\"><i aria-hidden=\"true\" class=\"fa-accordion-icon fas fa-plus\"><\/i><\/span><span class=\"eael-advanced-accordion-icon-opened\"><i aria-hidden=\"true\" class=\"fa-accordion-icon fas fa-minus\"><\/i><\/span><h5 class=\"eael-accordion-tab-title\">Procedimento para Solicita\u00e7\u00e3o de Di\u00e1rias e Passagens, Participa\u00e7\u00e3o em Congressos e Reuni\u00f5es, Ajuda de Custo para Disciplinas e Trabalhos de Campo<\/h5><i aria-hidden=\"true\" class=\"fa-toggle fas fa-angle-right\"><\/i><\/div><div id=\"elementor-tab-content-4151\" class=\"eael-accordion-content clearfix\" data-tab=\"1\" aria-labelledby=\"procedimento-para-solicitao-de-dirias-e-passagens-participao-em-congressos-e-reunies-ajuda-de-custo-para-disciplinas-e-trabalhos-de-campo\"><p>Informamos que de acordo com o art. 2 \u00ba\u00a0 da Portaria do Mec 204\/2020 e da Portaria 524\/2020 da UFRJ: &#8220;Todas as viagens, no interesse da Administra\u00e7\u00e3o, no \u00e2mbito da UFRJ, devem ser registradas no Sistema de Concess\u00e3o de Di\u00e1rias e Passagens &#8211; SCDP, <b>mesmo nos casos de afastamento sem \u00f4nus ou com \u00f4nus limitado<\/b>.&#8221;Todos os afastamentos devem ser comunicados ao setor de recursos humanos e os formul\u00e1rios necess\u00e1rios est\u00e3o dispon\u00edveis na base do conhecimento do sei (do respectivo processo) e nesta p\u00e1gina abaixo.<\/p><p>\u00a0<\/p><p>Servidores e alunos do Campus UFRJ-Maca\u00e9 que desejam solicitar recursos para: di\u00e1rias e passagens, inscri\u00e7\u00e3o em congressos, participa\u00e7\u00e3o em reuni\u00f5es, ajuda de custo para disciplinas e trabalhos de campo dever\u00e3o procurar o Setor Financeiro do Campus UFRJ-Maca\u00e9 respeitando o prazo de 60 dias antes do in\u00edcio do evento, conforme preconizado pelas Pr\u00f3-Reitorias avaliadoras de m\u00e9rito da solicita\u00e7\u00e3o. Para participa\u00e7\u00e3o em congresso seguem abaixo os formul\u00e1rios e documentos a serem preenchidos <em>online<\/em>, assinados e entregues ao Setor Financeiro do Campus UFRJ-Maca\u00e9 para provid\u00eancias. Acesse os links abaixo para fazer o download dos documentos:<\/p><\/div>\n\t\t\t\t\t<\/div><div class=\"eael-accordion-list\">\n\t\t\t\t\t<div id=\"alunos\" class=\"elementor-tab-title eael-accordion-header\" tabindex=\"0\" data-tab=\"2\" aria-controls=\"elementor-tab-content-4152\"><span class=\"eael-advanced-accordion-icon-closed\"><i aria-hidden=\"true\" class=\"fa-accordion-icon fas fa-plus\"><\/i><\/span><span class=\"eael-advanced-accordion-icon-opened\"><i aria-hidden=\"true\" class=\"fa-accordion-icon fas fa-minus\"><\/i><\/span><h5 class=\"eael-accordion-tab-title\">Alunos<\/h5><i aria-hidden=\"true\" class=\"fa-toggle fas fa-angle-right\"><\/i><\/div><div id=\"elementor-tab-content-4152\" class=\"eael-accordion-content clearfix\" data-tab=\"2\" aria-labelledby=\"alunos\"><p><strong>Importante: Os formul\u00e1rios devem ser preenchidos digitalmente.<\/strong><\/p><ul><li><a href=\"https:\/\/portal.macae.ufrj.br\/wp-content\/uploads\/2023\/04\/FINANCEIRO.REQUERIMENTO-ALUNO1.doc\" target=\"_blank\" rel=\"noopener\">Formul\u00e1rio &#8211; Requerimento para Aluno<\/a><\/li><li><a href=\"https:\/\/portal.macae.ufrj.br\/wp-content\/uploads\/2023\/04\/FINANCEIRO.REQUISICAO_DE_DIARIAS_E_PASSAGENS1-1-3.docx\" target=\"_blank\" rel=\"noopener\">Formul\u00e1rio &#8211; PCDP<\/a><\/li><li><a href=\"https:\/\/portal.macae.ufrj.br\/wp-content\/uploads\/2023\/04\/FINANCEIRO.Formulario_taxa_de_inscricao_versao_06-10-2021-3.docx\" target=\"_blank\" rel=\"noopener\">Formul\u00e1rio &#8211; Memorando para solicita\u00e7\u00e3o de taxa de inscri\u00e7\u00e3o<\/a><\/li><li><strong>Carta-convite\/aceite do trabalho;<\/strong><\/li><li><strong>Comprovante de inscri\u00e7\u00e3o;<\/strong><\/li><li><strong>Folder do evento<\/strong>, que dever\u00e1 conter, obrigatoriamente as datas de realiza\u00e7\u00e3o do evento, assim como os valores a serem pagos, se houver; (Caso haja pagamento de taxa de inscri\u00e7\u00e3o, confirmar com o organizador se aceita pagamento\u00a0 via empenho);<\/li><li><strong>Parecer do orientador ou coordenador do curso<\/strong>\u00a0justificando e explicitando a participa\u00e7\u00e3o do(s) alunos(s) no evento<\/li><li><strong>Parecer do CA com programa de atividades para os participantes<\/strong>\u00a0(no caso de Eventos Estudantis)<\/li><li><strong>Referendo do parecer por Congrega\u00e7\u00e3o ou Conselho Departamental da Unidade<\/strong>\u00a0(no caso de participa\u00e7\u00e3o em cursos ou eventos sem apresenta\u00e7\u00e3o de trabalho)<\/li><li><strong>Documento que comprove a regularidade da inscri\u00e7\u00e3o em disciplinas no per\u00edodo acad\u00eamico em curso\u00a0<\/strong>(CRID)<\/li><li><strong>Documento que comprove CR\u22655<\/strong>\u00a0(Hist\u00f3rico)<\/li><li><strong>Parecer do orientador ou do coordenador do curso justificando a excepcionalidade\u00a0<\/strong>de aceitar um aluno com CR&lt;5<\/li><li><strong>Rela\u00e7\u00e3o dos alunos<\/strong>\u00a0(se processo coletivo). Processos de mesmo evento ou mesmo trabalho podem ser processos coletivos reunindo os interessados.<\/li><\/ul><\/div>\n\t\t\t\t\t<\/div><div class=\"eael-accordion-list\">\n\t\t\t\t\t<div id=\"servidores\" class=\"elementor-tab-title eael-accordion-header\" tabindex=\"0\" data-tab=\"3\" aria-controls=\"elementor-tab-content-4153\"><span class=\"eael-advanced-accordion-icon-closed\"><i aria-hidden=\"true\" class=\"fa-accordion-icon fas fa-plus\"><\/i><\/span><span class=\"eael-advanced-accordion-icon-opened\"><i aria-hidden=\"true\" class=\"fa-accordion-icon fas fa-minus\"><\/i><\/span><h5 class=\"eael-accordion-tab-title\">Servidores<\/h5><i aria-hidden=\"true\" class=\"fa-toggle fas fa-angle-right\"><\/i><\/div><div id=\"elementor-tab-content-4153\" class=\"eael-accordion-content clearfix\" data-tab=\"3\" aria-labelledby=\"servidores\"><p><strong>Importante: Os formul\u00e1rios devem ser preenchidos digitalmente.<\/strong><\/p><ul><li><a href=\"https:\/\/portal.macae.ufrj.br\/wp-content\/uploads\/2022\/05\/RAP.pdf\" target=\"_blank\" rel=\"noopener noreferrer\">RAP<\/a><\/li><li><a href=\"https:\/\/portal.macae.ufrj.br\/wp-content\/uploads\/2022\/05\/Formulario_-_Solicitacao_de_Afastamento_2017.pdf\" target=\"_blank\" rel=\"noopener noreferrer\">Formul\u00e1rio de solicita\u00e7\u00e3o de afastamento<\/a><\/li><li><a href=\"https:\/\/portal.macae.ufrj.br\/wp-content\/uploads\/2022\/05\/REQUISICAO_DE_DIARIAS_E_PASSAGENS1-1.docx\" target=\"_blank\" rel=\"noopener\">Formul\u00e1rio &#8211; PCDP<\/a><\/li><li><a href=\"https:\/\/portal.macae.ufrj.br\/wp-content\/uploads\/2022\/05\/Formulario_taxa_de_inscricao_versao_06-10-2021-editavel.docx\" target=\"_blank\" rel=\"noopener noreferrer\">Formul\u00e1rio &#8211; Memorando para solicita\u00e7\u00e3o de taxa de inscri\u00e7\u00e3o<\/a><\/li><li><a href=\"http:\/\/pessoal.ufrj.br\/index.php\/formularios-da-pr4\/252-ambientes-organizacionais\" target=\"_blank\" rel=\"noopener noreferrer\">Formul\u00e1rio &#8211; Ambiente Organizacional (Exclusivo para Servidores T\u00e9cnico-Administrativos)<\/a><\/li><li><strong>Folder do evento<\/strong>, que dever\u00e1 conter, obrigatoriamente as datas de realiza\u00e7\u00e3o do evento, assim como os valores a serem pagos, se houver; (Caso haja pagamento de taxa de inscri\u00e7\u00e3o, confirmar com o organizador se aceita pagamento\u00a0 via empenho);<\/li><li>Documento &#8211; Comprovante de inscri\u00e7\u00e3o no evento<\/li><li>Documento &#8211; Comprovante de aprova\u00e7\u00e3o para apresenta\u00e7\u00e3o de trabalhos<\/li><li>Documento &#8211; Parecer do coordenador do curso justificando a participa\u00e7\u00e3o do docente e respectiva aprova\u00e7\u00e3o da congrega\u00e7\u00e3o e\/ou do conselho departamental da unidade a que pertence o docente.<\/li><\/ul><p><strong>Importante:<\/strong>\u00a0o servidor n\u00e3o pode estar gozando de f\u00e9rias oficiais no per\u00edodo da viagem.<\/p><\/div>\n\t\t\t\t\t<\/div><div class=\"eael-accordion-list\">\n\t\t\t\t\t<div id=\"para-prestao-de-contas\" class=\"elementor-tab-title eael-accordion-header\" tabindex=\"0\" data-tab=\"4\" aria-controls=\"elementor-tab-content-4154\"><span class=\"eael-advanced-accordion-icon-closed\"><i aria-hidden=\"true\" class=\"fa-accordion-icon fas fa-plus\"><\/i><\/span><span class=\"eael-advanced-accordion-icon-opened\"><i aria-hidden=\"true\" class=\"fa-accordion-icon fas fa-minus\"><\/i><\/span><h5 class=\"eael-accordion-tab-title\">Para presta\u00e7\u00e3o de contas<\/h5><i aria-hidden=\"true\" class=\"fa-toggle fas fa-angle-right\"><\/i><\/div><div id=\"elementor-tab-content-4154\" class=\"eael-accordion-content clearfix\" data-tab=\"4\" aria-labelledby=\"para-prestao-de-contas\"><ul><li><a href=\"https:\/\/portal.macae.ufrj.br\/wp-content\/uploads\/2022\/05\/Relatorio_de_Viagem_versao_06-10-2021.docx\" target=\"_blank\" rel=\"noopener noreferrer\">Formul\u00e1rio &#8211; Relat\u00f3rio de Viagem Nacional ou Internacional<\/a><\/li><li>Documento &#8211; Canhotos dos cart\u00f5es de embarque (ida e volta), caso as passagens tenham sido custeadas pela UFRJ;<\/li><li>Documento &#8211; Nota fiscal de hospedagem ou declara\u00e7\u00e3o de pr\u00f3prio punho com ci\u00eancia de seu superior hier\u00e1rquico;<\/li><li>Documento &#8211; Notas fiscais diversas (transporte, alimenta\u00e7\u00e3o, etc.)<\/li><li>Documento &#8211; Certificado de participa\u00e7\u00e3o no evento e certificado de apresenta\u00e7\u00e3o de trabalho;<\/li><li>Documento &#8211; Nota fiscal de taxa de inscri\u00e7\u00e3o ou recibo timbrado e assinado pelo respons\u00e1vel legal da empresa, em nome da UFRJ ( Caso, a taxa de inscri\u00e7\u00e3o tenha sido custeada pela UFRJ).<\/li><\/ul><\/div>\n\t\t\t\t\t<\/div><div class=\"eael-accordion-list\">\n\t\t\t\t\t<div id=\"fundamentao-legal\" class=\"elementor-tab-title eael-accordion-header\" tabindex=\"0\" data-tab=\"5\" aria-controls=\"elementor-tab-content-4155\"><span class=\"eael-advanced-accordion-icon-closed\"><i aria-hidden=\"true\" class=\"fa-accordion-icon fas fa-plus\"><\/i><\/span><span class=\"eael-advanced-accordion-icon-opened\"><i aria-hidden=\"true\" class=\"fa-accordion-icon fas fa-minus\"><\/i><\/span><h5 class=\"eael-accordion-tab-title\">Fundamenta\u00e7\u00e3o Legal<\/h5><i aria-hidden=\"true\" class=\"fa-toggle fas fa-angle-right\"><\/i><\/div><div id=\"elementor-tab-content-4155\" class=\"eael-accordion-content clearfix\" data-tab=\"5\" aria-labelledby=\"fundamentao-legal\"><ul><li><a href=\"https:\/\/portal.macae.ufrj.br\/wp-content\/uploads\/2022\/05\/Resolucao-CEG-09.92.pdf\" target=\"_blank\" rel=\"noopener\">Resolu\u00e7\u00e3o CEG 9\/92 &#8211; Normas para concess\u00e3o de passagens \u00e0 discentes da UFRJ<\/a><\/li><li><a href=\"https:\/\/portal.macae.ufrj.br\/wp-content\/uploads\/2022\/05\/Resolucao-CEG-05.94.pdf\" target=\"_blank\" rel=\"noopener\">Resolu\u00e7\u00e3o CEG 5\/94 &#8211; Altera a resolu\u00e7\u00e3o CEG 9\/92 (passagens \u00e0 discentes da UFRJ)<\/a><\/li><li><a href=\"https:\/\/portal.macae.ufrj.br\/wp-content\/uploads\/2022\/05\/Resolucao-CEG-12.92.pdf\" target=\"_blank\" rel=\"noopener\">Resolu\u00e7\u00e3o CEG 12\/92 &#8211; Normas para concess\u00e3o de passagens e di\u00e1rias a docentes da UFRJ<\/a><\/li><li><a href=\"https:\/\/portal.macae.ufrj.br\/wp-content\/uploads\/2022\/05\/Portaria-no-1.502-BUFRJ-de-21-fev-2020.pdf\">Portaria n\u00ba 1502 &#8211; Disp\u00f5e sobre os procedimentos para afastamento da sede e do pa\u00eds, e concess\u00e3o de di\u00e1rias e passagens em viagens nacionais e internacionais, a servi\u00e7o, no \u00e2mbito da Universidade Federal do Rio de Janeiro<\/a><\/li><li><a href=\"https:\/\/portal.macae.ufrj.br\/wp-content\/uploads\/2022\/05\/Decreto-Federal-no-5.992-de-19-dez-2006.pdf\" target=\"_blank\" rel=\"noopener\">Decreto n\u00ba 5.992\/06 &#8211; Disp\u00f5e sobre a concess\u00e3o de di\u00e1rias no \u00e2mbito da administra\u00e7\u00e3o federal direta, aut\u00e1rquica e fundacional, e d\u00e1 outras provid\u00eancias<\/a><\/li><li><a href=\"https:\/\/portal.macae.ufrj.br\/wp-content\/uploads\/2022\/05\/Decreto-Federal-no-10.193-de-27-dez-2019.pdf\">Decreto n\u00ba 10.193 &#8211; Estabelece limites e inst\u00e2ncias de governan\u00e7a para a contrata\u00e7\u00e3o de bens e servi\u00e7os e para a realiza\u00e7\u00e3o de gastos com di\u00e1rias e passagens no \u00e2mbito do Poder Executivo federal.<\/a>\u00a0<\/li><li><a href=\"https:\/\/portal.macae.ufrj.br\/wp-content\/uploads\/2022\/05\/Decreto-Federal-no-91.800-de-18-out-1985.pdf\">Decreto n\u00ba 91.800 &#8211; Disp\u00f5e sobre viagens ao exterior, a servi\u00e7o ou com o fim de aperfei\u00e7oamento sem nomea\u00e7\u00e3o ou designa\u00e7\u00e3o, e d\u00e1 outras provid\u00eancias.\u00a0<\/a><\/li><li><a href=\"https:\/\/portal.macae.ufrj.br\/wp-content\/uploads\/2022\/05\/Norma-NG-3.403-03.00.pdf\" target=\"_blank\" rel=\"noopener\">Norma NG 3403-03.00 que trata dos procedimentos operacionais a serem seguidos para cadastrar solicita\u00e7\u00e3o de pagamento de taxa de inscri\u00e7\u00e3o em cursos, eventos, palestras, semin\u00e1rios e cong\u00eaneres por servidores da Universidade Federal do Rio de Janeiro.<\/a><\/li><li><a href=\"https:\/\/portal.macae.ufrj.br\/wp-content\/uploads\/2022\/05\/Instrucao-Normativa-no-3-de-11-de-fev-2015.pdf\">Instru\u00e7\u00e3o Normativa n\u00ba 3 &#8211; Disp\u00f5e sobre diretrizes e procedimentos para aquisi\u00e7\u00e3o de passagens a\u00e9reas pela Administra\u00e7\u00e3o P\u00fablica Federal direta, aut\u00e1rquica e fundacional.<\/a><\/li><\/ul><p>Mais informa\u00e7\u00f5es na <a href=\"http:\/\/www.pr6.ufrj.br\/index.php\/passagem\" target=\"_blank\" rel=\"noopener\">p\u00e1gina da PR-6<\/a><\/p><\/div>\n\t\t\t\t\t<\/div><\/div>\t\t\t\t<\/div>\n\t\t\t\t<\/div>\n\t\t\t\t<\/div>\n\t\t\t\t<\/div>\n\t\t\t\t<\/div>","protected":false},"excerpt":{"rendered":"<p>FINANCEIRO Equipe Angela Maria Marques Benic\u00e1 C\u00e9sar J\u00fanior da Silva Ta\u00edsa Caetano de Almeida O Setor Financeiro \u00e9 respons\u00e1vel pela gest\u00e3o financeira, or\u00e7ament\u00e1ria e de recursos do Centro Multidisciplinar UFRJ-Maca\u00e9. Contato: Telefone: (22) 2141-4014 E-mail: financeiro.ufrjmacae@gmail.com E-mail (di\u00e1rias e passagens): financeiro.viagem@macae.ufrj.br Hor\u00e1rio de Atendimento ao p\u00fablico: De segunda a sexta-feira, das 08h00 \u00e0s 16h00 Procedimento [&hellip;]<\/p>\n","protected":false},"author":6,"featured_media":0,"parent":0,"menu_order":0,"comment_status":"closed","ping_status":"closed","template":"","meta":{"_uag_custom_page_level_css":"","site-sidebar-layout":"no-sidebar","site-content-layout":"page-builder","ast-site-content-layout":"default","site-content-style":"default","site-sidebar-style":"default","ast-global-header-display":"","ast-banner-title-visibility":"","ast-main-header-display":"","ast-hfb-above-header-display":"","ast-hfb-below-header-display":"","ast-hfb-mobile-header-display":"","site-post-title":"disabled","ast-breadcrumbs-content":"","ast-featured-img":"disabled","footer-sml-layout":"","ast-disable-related-posts":"","theme-transparent-header-meta":"","adv-header-id-meta":"","stick-header-meta":"","header-above-stick-meta":"","header-main-stick-meta":"","header-below-stick-meta":"","astra-migrate-meta-layouts":"default","ast-page-background-enabled":"default","ast-page-background-meta":{"desktop":{"background-color":"var(--ast-global-color-4)","background-image":"","background-repeat":"repeat","background-position":"center center","background-size":"auto","background-attachment":"scroll","background-type":"","background-media":"","overlay-type":"","overlay-color":"","overlay-opacity":"","overlay-gradient":""},"tablet":{"background-color":"","background-image":"","background-repeat":"repeat","background-position":"center center","background-size":"auto","background-attachment":"scroll","background-type":"","background-media":"","overlay-type":"","overlay-color":"","overlay-opacity":"","overlay-gradient":""},"mobile":{"background-color":"","background-image":"","background-repeat":"repeat","background-position":"center center","background-size":"auto","background-attachment":"scroll","background-type":"","background-media":"","overlay-type":"","overlay-color":"","overlay-opacity":"","overlay-gradient":""}},"ast-content-background-meta":{"desktop":{"background-color":"var(--ast-global-color-5)","background-image":"","background-repeat":"repeat","background-position":"center center","background-size":"auto","background-attachment":"scroll","background-type":"","background-media":"","overlay-type":"","overlay-color":"","overlay-opacity":"","overlay-gradient":""},"tablet":{"background-color":"var(--ast-global-color-5)","background-image":"","background-repeat":"repeat","background-position":"center center","background-size":"auto","background-attachment":"scroll","background-type":"","background-media":"","overlay-type":"","overlay-color":"","overlay-opacity":"","overlay-gradient":""},"mobile":{"background-color":"var(--ast-global-color-5)","background-image":"","background-repeat":"repeat","background-position":"center center","background-size":"auto","background-attachment":"scroll","background-type":"","background-media":"","overlay-type":"","overlay-color":"","overlay-opacity":"","overlay-gradient":""}},"footnotes":"","_links_to":"","_links_to_target":""},"class_list":["post-1028","page","type-page","status-publish","hentry"],"uagb_featured_image_src":{"full":false,"thumbnail":false,"medium":false,"medium_large":false,"large":false,"1536x1536":false,"2048x2048":false,"trp-custom-language-flag":false},"uagb_author_info":{"display_name":"Nathalia Machado","author_link":"https:\/\/portal.macae.ufrj.br\/en\/author\/nathaliamachado\/"},"uagb_comment_info":0,"uagb_excerpt":"FINANCEIRO Equipe Angela Maria Marques Benic\u00e1 C\u00e9sar J\u00fanior da Silva Ta\u00edsa Caetano de Almeida O Setor Financeiro \u00e9 respons\u00e1vel pela gest\u00e3o financeira, or\u00e7ament\u00e1ria e de recursos do Centro Multidisciplinar UFRJ-Maca\u00e9. Contato: Telefone: (22) 2141-4014 E-mail: financeiro.ufrjmacae@gmail.com E-mail (di\u00e1rias e passagens): financeiro.viagem@macae.ufrj.br Hor\u00e1rio de Atendimento ao p\u00fablico: De segunda a sexta-feira, das 08h00 \u00e0s 16h00 Procedimento&hellip;","_links":{"self":[{"href":"https:\/\/portal.macae.ufrj.br\/en\/wp-json\/wp\/v2\/pages\/1028","targetHints":{"allow":["GET"]}}],"collection":[{"href":"https:\/\/portal.macae.ufrj.br\/en\/wp-json\/wp\/v2\/pages"}],"about":[{"href":"https:\/\/portal.macae.ufrj.br\/en\/wp-json\/wp\/v2\/types\/page"}],"author":[{"embeddable":true,"href":"https:\/\/portal.macae.ufrj.br\/en\/wp-json\/wp\/v2\/users\/6"}],"replies":[{"embeddable":true,"href":"https:\/\/portal.macae.ufrj.br\/en\/wp-json\/wp\/v2\/comments?post=1028"}],"version-history":[{"count":6,"href":"https:\/\/portal.macae.ufrj.br\/en\/wp-json\/wp\/v2\/pages\/1028\/revisions"}],"predecessor-version":[{"id":11603,"href":"https:\/\/portal.macae.ufrj.br\/en\/wp-json\/wp\/v2\/pages\/1028\/revisions\/11603"}],"wp:attachment":[{"href":"https:\/\/portal.macae.ufrj.br\/en\/wp-json\/wp\/v2\/media?parent=1028"}],"curies":[{"name":"wp","href":"https:\/\/api.w.org\/{rel}","templated":true}]}}